{"id":4484,"date":"2020-07-14T15:03:21","date_gmt":"2020-07-14T21:03:21","guid":{"rendered":"https:\/\/bnbbythebeach.com\/?page_id=4484"},"modified":"2024-08-06T15:27:51","modified_gmt":"2024-08-06T21:27:51","slug":"allgemeine-politik-stornierungsbedingungen","status":"publish","type":"page","link":"https:\/\/bnbbythebeach.com\/de\/jardin-de-los-monos-bed-and-breakfast-costa-rica\/allgemeine-politik-stornierungsbedingungen\/","title":{"rendered":"Allgemeine Politik &#038; Stornierungsbedingungen"},"content":{"rendered":"<p>[et_pb_section fb_built=&#8220;1&#8243; fullwidth=&#8220;on&#8220; _builder_version=&#8220;4.16&#8243; global_colors_info=&#8220;{}&#8220;][et_pb_fullwidth_slider show_arrows=&#8220;off&#8220; show_pagination=&#8220;off&#8220; _builder_version=&#8220;4.16&#8243; header_level=&#8220;h1&#8243; header_font=&#8220;||||||||&#8220; body_font_size=&#8220;20&#8243; background_image=&#8220;https:\/\/bnbbythebeach.com\/jdlm\/wp-content\/uploads\/2018\/11\/hero-sol.jpg&#8220; text_orientation=&#8220;left&#8220; custom_padding=&#8220;20%|40%|5%|0%&#8220; custom_padding_tablet=&#8220;20%|25%|5%|0%&#8220; custom_padding_phone=&#8220;0%|0%|5%|0%&#8220; custom_padding_last_edited=&#8220;on|desktop&#8220; header_font_size_tablet=&#8220;&#8220; header_font_size_phone=&#8220;34px&#8220; header_font_size_last_edited=&#8220;on|phone&#8220; global_colors_info=&#8220;{}&#8220; button_text_size__hover_enabled=&#8220;off&#8220; button_text_size__hover=&#8220;null&#8220; button_one_text_size__hover_enabled=&#8220;off&#8220; button_one_text_size__hover=&#8220;null&#8220; button_two_text_size__hover_enabled=&#8220;off&#8220; button_two_text_size__hover=&#8220;null&#8220; button_text_color__hover_enabled=&#8220;off&#8220; button_text_color__hover=&#8220;null&#8220; button_one_text_color__hover_enabled=&#8220;off&#8220; button_one_text_color__hover=&#8220;null&#8220; button_two_text_color__hover_enabled=&#8220;off&#8220; button_two_text_color__hover=&#8220;null&#8220; button_border_width__hover_enabled=&#8220;off&#8220; button_border_width__hover=&#8220;null&#8220; button_one_border_width__hover_enabled=&#8220;off&#8220; button_one_border_width__hover=&#8220;null&#8220; button_two_border_width__hover_enabled=&#8220;off&#8220; button_two_border_width__hover=&#8220;null&#8220; button_border_color__hover_enabled=&#8220;off&#8220; button_border_color__hover=&#8220;null&#8220; button_one_border_color__hover_enabled=&#8220;off&#8220; button_one_border_color__hover=&#8220;null&#8220; button_two_border_color__hover_enabled=&#8220;off&#8220; button_two_border_color__hover=&#8220;null&#8220; button_border_radius__hover_enabled=&#8220;off&#8220; button_border_radius__hover=&#8220;null&#8220; button_one_border_radius__hover_enabled=&#8220;off&#8220; button_one_border_radius__hover=&#8220;null&#8220; button_two_border_radius__hover_enabled=&#8220;off&#8220; button_two_border_radius__hover=&#8220;null&#8220; button_letter_spacing__hover_enabled=&#8220;off&#8220; button_letter_spacing__hover=&#8220;null&#8220; button_one_letter_spacing__hover_enabled=&#8220;off&#8220; button_one_letter_spacing__hover=&#8220;null&#8220; button_two_letter_spacing__hover_enabled=&#8220;off&#8220; button_two_letter_spacing__hover=&#8220;null&#8220; button_bg_color__hover_enabled=&#8220;off&#8220; button_bg_color__hover=&#8220;null&#8220; button_one_bg_color__hover_enabled=&#8220;off&#8220; button_one_bg_color__hover=&#8220;null&#8220; button_two_bg_color__hover_enabled=&#8220;off&#8220; button_two_bg_color__hover=&#8220;null&#8220;][et_pb_slide heading=&#8220;Allgemeine Politik &#038; Stornierungsbedingungen&#8220; button_link=&#8220;https:\/\/bnbbythebeach.com\/de\/jardin-de-los-monos-bed-and-breakfast-costa-rica\/&#8220; use_bg_overlay=&#8220;off&#8220; use_text_overlay=&#8220;on&#8220; text_overlay_color=&#8220;rgba(35,31,32,0.7)&#8220; _builder_version=&#8220;4.16&#8243; background_color=&#8220;#ffffff&#8220; button_on_hover=&#8220;on&#8220; custom_padding_tablet=&#8220;||30px|&#8220; custom_padding_phone=&#8220;||30px|&#8220; text_shadow_style=&#8220;preset4&#8243; global_colors_info=&#8220;{}&#8220; button_text_size__hover_enabled=&#8220;off&#8220; button_one_text_size__hover_enabled=&#8220;off&#8220; button_two_text_size__hover_enabled=&#8220;off&#8220; button_text_color__hover_enabled=&#8220;off&#8220; button_one_text_color__hover_enabled=&#8220;off&#8220; button_two_text_color__hover_enabled=&#8220;off&#8220; button_border_width__hover_enabled=&#8220;off&#8220; button_one_border_width__hover_enabled=&#8220;off&#8220; button_two_border_width__hover_enabled=&#8220;off&#8220; button_border_color__hover_enabled=&#8220;off&#8220; button_one_border_color__hover_enabled=&#8220;off&#8220; button_two_border_color__hover_enabled=&#8220;off&#8220; button_border_radius__hover_enabled=&#8220;off&#8220; button_one_border_radius__hover_enabled=&#8220;off&#8220; button_two_border_radius__hover_enabled=&#8220;off&#8220; button_letter_spacing__hover_enabled=&#8220;off&#8220; button_one_letter_spacing__hover_enabled=&#8220;off&#8220; button_two_letter_spacing__hover_enabled=&#8220;off&#8220; button_bg_color__hover_enabled=&#8220;off&#8220; button_one_bg_color__hover_enabled=&#8220;off&#8220; button_two_bg_color__hover_enabled=&#8220;off&#8220; sticky_transition=&#8220;on&#8220;]<\/p>\n<p>Bed and Breakfast Jard\u00edn de los Monos<\/p>\n<p>[\/et_pb_slide][\/et_pb_fullwidth_slider][\/et_pb_section][et_pb_section fb_built=&#8220;1&#8243; _builder_version=&#8220;4.16&#8243; global_colors_info=&#8220;{}&#8220;][et_pb_row _builder_version=&#8220;4.16&#8243; background_size=&#8220;initial&#8220; background_position=&#8220;top_left&#8220; background_repeat=&#8220;repeat&#8220; custom_padding=&#8220;11px|0px|27px|0px&#8220; global_colors_info=&#8220;{}&#8220;][et_pb_column type=&#8220;4_4&#8243; _builder_version=&#8220;4.16&#8243; custom_padding=&#8220;|||&#8220; global_colors_info=&#8220;{}&#8220; custom_padding__hover=&#8220;|||&#8220;][et_pb_text _builder_version=&#8220;4.16&#8243; text_orientation=&#8220;center&#8220; max_width=&#8220;80%&#8220; max_width_tablet=&#8220;&#8220; max_width_phone=&#8220;100%&#8220; max_width_last_edited=&#8220;on|phone&#8220; module_alignment=&#8220;center&#8220; custom_margin=&#8220;||10px|&#8220; global_colors_info=&#8220;{}&#8220;]<\/p>\n<h2 style=\"text-align: left;\">Allgemeine Politik<\/h2>\n<p>[\/et_pb_text][et_pb_divider show_divider=&#8220;off&#8220; _builder_version=&#8220;4.16&#8243; max_width=&#8220;8%&#8220; module_alignment=&#8220;center&#8220; height=&#8220;4px&#8220; custom_margin=&#8220;18px|||&#8220; custom_padding=&#8220;|||&#8220; filter_brightness=&#8220;96%&#8220; global_colors_info=&#8220;{}&#8220;][\/et_pb_divider][et_pb_text _builder_version=&#8220;4.19.4&#8243; text_font_size=&#8220;16px&#8220; header_font=&#8220;||||||||&#8220; header_2_font=&#8220;||||||||&#8220; text_orientation=&#8220;center&#8220; max_width=&#8220;80%&#8220; max_width_tablet=&#8220;&#8220; max_width_phone=&#8220;100%&#8220; max_width_last_edited=&#8220;on|phone&#8220; module_alignment=&#8220;center&#8220; custom_padding=&#8220;||0px|||&#8220; global_colors_info=&#8220;{}&#8220;]<\/p>\n<ul>\n<li style=\"text-align: left;\"><strong>Check-in zwischen 14:00-18:00 Uhr<\/strong>. Schaffst du es nicht p\u00fcnktlich? Wir bieten eine Self-Check-in-Option, wenn Sie zwischen 18:00 und 21:00 Uhr anreisen. <strong>Dies ist jedoch nur m\u00f6glich, wenn Sie uns vorher kontaktieren!<\/strong> Ein Check-in nach 21:00 Uhr ist nicht m\u00f6glich.<\/li>\n<li style=\"text-align: left;\">Keine Babys und Kleinkinder; Um unseren G\u00e4sten ein ruhiges und entspanntes Ambiente zu bieten, erlauben wir <strong>nur Kinder ab 15 Jahren.<\/strong> Wir m\u00f6chten allen, die mit Babys und Kleinkindern in Costa Rica reisen, raten, diese bei der Buchung auf Plattformen wie Booking.com, AirBnB, Expedia, Hotels.com usw. hinzuzuf\u00fcgen. Andernfalls kann es zu unn\u00f6tigen Unannehmlichkeiten und finanziellen Verlusten kommen, da Viele Hotels und B&amp;Bs in Costa Rica haben Altersbeschr\u00e4nkungen, und Ihre Buchung wird nur f\u00fcr die von Ihnen gebuchte Belegung (Erwachsene, Kinder, Babys) best\u00e4tigt. Wenn Sie Ihre Babys und Kinder korrekt auf diesen Plattformen hinzuf\u00fcgen, werden Sie feststellen, dass Sie keine Hotels und B&amp;Bs mit Altersbeschr\u00e4nkungen buchen k\u00f6nnen, die nicht zu Ihrer Gruppe passen (wie unser B&amp;B).<\/li>\n<li style=\"text-align: left;\"><strong>Maximal 2 Personen in einem Zimmer<\/strong> (unabh\u00e4ngig vom Alter).<\/li>\n<li style=\"text-align: left;\">Ruhezeiten sind zwischen 21:00 und 7:00 Uhr.<\/li>\n<li style=\"text-align: left;\">Haustiere sind nicht erlaubt, aber Sie k\u00f6nnen unseren sch\u00f6nen Hund und 2 Katzen ausleihen ;-).<\/li>\n<li style=\"text-align: left;\">Zahlung im Hotel mit Bargeld oder Kreditkarte (Visa, Mastercard, American Express, Discover, Diners Club, JCB).<\/li>\n<li style=\"text-align: left;\">Check-out vor 11 Uhr.<\/li>\n<li style=\"text-align: left;\"><strong>Playa Matapalo ist f\u00fcr die Anreise mit \u00f6ffentlichen Verkehrsmitteln nicht geeignet.<\/strong> Zur Bushaltestelle ist es ein langer Fu\u00dfmarsch, und dieser kann bei dem Klima, das wir hier haben, schwer sein. In Playa Matapalo gibt es keine Geldautomaten und keine Taxis. Bitte besuchen Sie unsere <a href=\"https:\/\/bnbbythebeach.com\/de\/playa-matapalo-costa-rica\/autovermietung\/\" target=\"_blank\" rel=\"noopener\">Mietwagenseite<\/a>, falls Sie noch auf der Suche nach einem Mietwagen sind.<\/li>\n<\/ul>\n<p>[\/et_pb_text][\/et_pb_column][\/et_pb_row][et_pb_row _builder_version=&#8220;4.16&#8243; background_size=&#8220;initial&#8220; background_position=&#8220;top_left&#8220; background_repeat=&#8220;repeat&#8220; custom_padding=&#8220;11px|0px|27px|0px&#8220; global_colors_info=&#8220;{}&#8220;][et_pb_column type=&#8220;4_4&#8243; _builder_version=&#8220;4.16&#8243; custom_padding=&#8220;|||&#8220; global_colors_info=&#8220;{}&#8220; custom_padding__hover=&#8220;|||&#8220;][et_pb_text _builder_version=&#8220;4.23.1&#8243; text_orientation=&#8220;center&#8220; max_width=&#8220;80%&#8220; max_width_tablet=&#8220;&#8220; max_width_phone=&#8220;100%&#8220; max_width_last_edited=&#8220;on|phone&#8220; module_alignment=&#8220;center&#8220; custom_margin=&#8220;||10px|&#8220; global_colors_info=&#8220;{}&#8220;]<\/p>\n<h2 style=\"text-align: left;\">Standard-Stornierungs- und Vorauszahlungsbedingungen<\/h2>\n<p>[\/et_pb_text][et_pb_divider show_divider=&#8220;off&#8220; _builder_version=&#8220;4.16&#8243; max_width=&#8220;8%&#8220; module_alignment=&#8220;center&#8220; height=&#8220;4px&#8220; custom_margin=&#8220;18px|||&#8220; custom_padding=&#8220;|||&#8220; filter_brightness=&#8220;96%&#8220; global_colors_info=&#8220;{}&#8220;][\/et_pb_divider][et_pb_text _builder_version=&#8220;4.26.0&#8243; text_font_size=&#8220;16px&#8220; header_font=&#8220;||||||||&#8220; header_2_font=&#8220;||||||||&#8220; text_orientation=&#8220;center&#8220; max_width=&#8220;80%&#8220; max_width_tablet=&#8220;&#8220; max_width_phone=&#8220;100%&#8220; max_width_last_edited=&#8220;on|phone&#8220; module_alignment=&#8220;center&#8220; hover_enabled=&#8220;0&#8243; global_colors_info=&#8220;{}&#8220; sticky_enabled=&#8220;0&#8243;]<\/p>\n<h3 style=\"text-align: left;\">F\u00fcr Aufenthalte bis 10 N\u00e4chte, bis zu 3 Zimmer:<\/h3>\n<p style=\"text-align: left;\"><strong>Hochsaison: 1. November bis 30. April<\/strong><\/p>\n<ul style=\"text-align: left;\">\n<li>Der Gast kann bis 30 Tage vor Anreise kostenlos stornieren. Bei Stornierung\/\u00c4nderung innerhalb von 30 Tagen nach Ankunft werden 50% berechnet. Bei Nichterscheinen oder bei \u00c4nderungen w\u00e4hrend des Aufenthalts werden 100% berechnet.<\/li>\n<li>Bis 30 Tage vor Anreise keine Vorauszahlung, aber innerhalb von 30 Tagen vor Anreise k\u00f6nnen wir 50 % des Buchungswertes in Rechnung stellen.<\/li>\n<li>Diese Bedingungen gelten m\u00f6glicherweise nicht f\u00fcr Sonderpreise. Die m\u00f6glichen unterschiedlichen Bedingungen werden mit der Rate angegeben.<\/li>\n<\/ul>\n<p style=\"text-align: left;\"><strong>Nebensaison: 1. Mai bis 31. Oktober<\/strong><\/p>\n<ul style=\"text-align: left;\">\n<li>Der Gast kann bis 3 Tage vor Anreise kostenlos stornieren. Der volle Preis wird im Falle einer Stornierung innerhalb von 3 Tagen nach Ankunft, Nichterscheinen oder bei \u00c4nderungen w\u00e4hrend des Aufenthalts berechnet.<\/li>\n<li>Es ist keine Vorauszahlung erforderlich.<\/li>\n<li>Diese Bedingungen gelten m\u00f6glicherweise nicht f\u00fcr Sonderpreise. Die m\u00f6glichen unterschiedlichen Bedingungen werden mit der Rate angegeben.<\/li>\n<\/ul>\n<h3 style=\"text-align: left;\">Bei einem Aufenthalt von mehr als 10 N\u00e4chten, bis zu 3 Zimmer:<\/h3>\n<p style=\"text-align: left;\"><strong>Ganzj\u00e4hrig g\u00fcltig<\/strong><\/p>\n<ul style=\"text-align: left;\">\n<li>Zur Best\u00e4tigung der Buchung ist eine Vorauszahlung von 50 % (nicht erstattungsf\u00e4hig) erforderlich. Bei Nichterscheinen oder \u00c4nderungen w\u00e4hrend des Aufenthalts werden 100 % berechnet.<\/li>\n<\/ul>\n<h3 style=\"text-align: left;\">Alle Reservierungen ab 4 Zimmern:<\/h3>\n<p style=\"text-align: left;\"><strong>Ganzj\u00e4hrig g\u00fcltig<\/strong><\/p>\n<ul style=\"text-align: left;\">\n<li>Der Gast kann bis 60 Tage vor Anreise kostenfrei stornieren. Nach Ablauf der Frist f\u00fcr die kostenfreie Stornierung wird eine Vorauszahlung von 100 % (nicht erstattungsf\u00e4hig) f\u00e4llig.<\/li>\n<\/ul>\n<p>[\/et_pb_text][\/et_pb_column][\/et_pb_row][\/et_pb_section]<\/p>\n","protected":false},"excerpt":{"rendered":"<p>Bed and Breakfast Jard\u00edn de los MonosAllgemeine Politik Check-in zwischen 14:00-18:00 Uhr. Schaffst du es nicht p\u00fcnktlich? Wir bieten eine Self-Check-in-Option, wenn Sie zwischen 18:00 und 21:00 Uhr anreisen. Dies ist jedoch nur m\u00f6glich, wenn Sie uns vorher kontaktieren! Ein Check-in nach 21:00 Uhr ist nicht m\u00f6glich. Keine Babys und Kleinkinder; Um unseren G\u00e4sten ein [&hellip;]<\/p>\n","protected":false},"author":1,"featured_media":0,"parent":4434,"menu_order":15,"comment_status":"closed","ping_status":"closed","template":"","meta":{"_et_pb_use_builder":"on","_et_pb_old_content":"","_et_gb_content_width":"","footnotes":""},"class_list":["post-4484","page","type-page","status-publish","hentry"],"yoast_head":"<!-- This site is optimized with the Yoast SEO plugin v27.4 - https:\/\/yoast.com\/product\/yoast-seo-wordpress\/ -->\n<title>Allgemeine Politik &amp; Stornierungsbedingungen - Costa Rica Bed and Breakfast | B&amp;B Jard\u00edn de los Monos, Playa Matapalo<\/title>\n<meta name=\"description\" content=\"Allgemeine Politik &amp; Stornierungsbedingungen des B&amp;B Jardin de los Monos, Playa Matapalo, Costa Rica\" \/>\n<meta name=\"robots\" content=\"index, follow, max-snippet:-1, max-image-preview:large, max-video-preview:-1\" \/>\n<link rel=\"canonical\" href=\"https:\/\/bnbbythebeach.com\/de\/jardin-de-los-monos-bed-and-breakfast-costa-rica\/allgemeine-politik-stornierungsbedingungen\/\" \/>\n<meta property=\"og:locale\" content=\"de_DE\" \/>\n<meta property=\"og:type\" content=\"article\" \/>\n<meta property=\"og:title\" content=\"Allgemeine Politik &amp; Stornierungsbedingungen - Costa Rica Bed and Breakfast | B&amp;B Jard\u00edn de los Monos, Playa Matapalo\" \/>\n<meta property=\"og:description\" content=\"Allgemeine Politik &amp; Stornierungsbedingungen des B&amp;B Jardin de los Monos, Playa Matapalo, Costa Rica\" \/>\n<meta property=\"og:url\" content=\"https:\/\/bnbbythebeach.com\/de\/jardin-de-los-monos-bed-and-breakfast-costa-rica\/allgemeine-politik-stornierungsbedingungen\/\" \/>\n<meta property=\"og:site_name\" content=\"Costa Rica Bed and Breakfast | B&amp;B Jard\u00edn de los Monos, Playa Matapalo\" \/>\n<meta property=\"article:publisher\" content=\"https:\/\/www.facebook.com\/BnBbytheBeach\/\" \/>\n<meta property=\"article:modified_time\" content=\"2024-08-06T21:27:51+00:00\" \/>\n<meta name=\"twitter:card\" content=\"summary_large_image\" \/>\n<meta name=\"twitter:site\" content=\"@JardinMonos\" \/>\n<meta name=\"twitter:label1\" content=\"Gesch\u00e4tzte Lesezeit\" \/>\n\t<meta name=\"twitter:data1\" content=\"7\u00a0Minuten\" \/>\n<script type=\"application\/ld+json\" class=\"yoast-schema-graph\">{\"@context\":\"https:\\\/\\\/schema.org\",\"@graph\":[{\"@type\":\"WebPage\",\"@id\":\"https:\\\/\\\/bnbbythebeach.com\\\/de\\\/jardin-de-los-monos-bed-and-breakfast-costa-rica\\\/allgemeine-politik-stornierungsbedingungen\\\/\",\"url\":\"https:\\\/\\\/bnbbythebeach.com\\\/de\\\/jardin-de-los-monos-bed-and-breakfast-costa-rica\\\/allgemeine-politik-stornierungsbedingungen\\\/\",\"name\":\"Allgemeine Politik & Stornierungsbedingungen - Costa Rica Bed and Breakfast | B&amp;B Jard\u00edn de los Monos, Playa Matapalo\",\"isPartOf\":{\"@id\":\"https:\\\/\\\/bnbbythebeach.com\\\/de\\\/#website\"},\"datePublished\":\"2020-07-14T21:03:21+00:00\",\"dateModified\":\"2024-08-06T21:27:51+00:00\",\"description\":\"Allgemeine Politik & Stornierungsbedingungen des B&B Jardin de los Monos, Playa Matapalo, Costa Rica\",\"breadcrumb\":{\"@id\":\"https:\\\/\\\/bnbbythebeach.com\\\/de\\\/jardin-de-los-monos-bed-and-breakfast-costa-rica\\\/allgemeine-politik-stornierungsbedingungen\\\/#breadcrumb\"},\"inLanguage\":\"de\",\"potentialAction\":[{\"@type\":\"ReadAction\",\"target\":[\"https:\\\/\\\/bnbbythebeach.com\\\/de\\\/jardin-de-los-monos-bed-and-breakfast-costa-rica\\\/allgemeine-politik-stornierungsbedingungen\\\/\"]}]},{\"@type\":\"BreadcrumbList\",\"@id\":\"https:\\\/\\\/bnbbythebeach.com\\\/de\\\/jardin-de-los-monos-bed-and-breakfast-costa-rica\\\/allgemeine-politik-stornierungsbedingungen\\\/#breadcrumb\",\"itemListElement\":[{\"@type\":\"ListItem\",\"position\":1,\"name\":\"Home\",\"item\":\"https:\\\/\\\/bnbbythebeach.com\\\/de\\\/\"},{\"@type\":\"ListItem\",\"position\":2,\"name\":\"\u00dcber B&#038;B Jard\u00ed\u00adn de los Monos, Matapalo | Bed and Breakfast Costa Rica\",\"item\":\"https:\\\/\\\/bnbbythebeach.com\\\/de\\\/jardin-de-los-monos-bed-and-breakfast-costa-rica\\\/\"},{\"@type\":\"ListItem\",\"position\":3,\"name\":\"Allgemeine Politik &#038; Stornierungsbedingungen\"}]},{\"@type\":\"WebSite\",\"@id\":\"https:\\\/\\\/bnbbythebeach.com\\\/de\\\/#website\",\"url\":\"https:\\\/\\\/bnbbythebeach.com\\\/de\\\/\",\"name\":\"Costa Rica Bed and Breakfast | B&amp;B Jard\u00edn de los Monos, Playa Matapalo\",\"description\":\"Recharge in serene nature at an unspoiled beach\",\"publisher\":{\"@id\":\"https:\\\/\\\/bnbbythebeach.com\\\/de\\\/#organization\"},\"potentialAction\":[{\"@type\":\"SearchAction\",\"target\":{\"@type\":\"EntryPoint\",\"urlTemplate\":\"https:\\\/\\\/bnbbythebeach.com\\\/de\\\/?s={search_term_string}\"},\"query-input\":{\"@type\":\"PropertyValueSpecification\",\"valueRequired\":true,\"valueName\":\"search_term_string\"}}],\"inLanguage\":\"de\"},{\"@type\":\"Organization\",\"@id\":\"https:\\\/\\\/bnbbythebeach.com\\\/de\\\/#organization\",\"name\":\"B&B Jard\u00edn de los Monos\",\"url\":\"https:\\\/\\\/bnbbythebeach.com\\\/de\\\/\",\"logo\":{\"@type\":\"ImageObject\",\"inLanguage\":\"de\",\"@id\":\"https:\\\/\\\/bnbbythebeach.com\\\/de\\\/#\\\/schema\\\/logo\\\/image\\\/\",\"url\":\"https:\\\/\\\/bnbbythebeach.com\\\/jdlm\\\/wp-content\\\/uploads\\\/2018\\\/04\\\/JdlM.png\",\"contentUrl\":\"https:\\\/\\\/bnbbythebeach.com\\\/jdlm\\\/wp-content\\\/uploads\\\/2018\\\/04\\\/JdlM.png\",\"width\":581,\"height\":548,\"caption\":\"B&B Jard\u00edn de los Monos\"},\"image\":{\"@id\":\"https:\\\/\\\/bnbbythebeach.com\\\/de\\\/#\\\/schema\\\/logo\\\/image\\\/\"},\"sameAs\":[\"https:\\\/\\\/www.facebook.com\\\/BnBbytheBeach\\\/\",\"https:\\\/\\\/x.com\\\/JardinMonos\",\"https:\\\/\\\/www.instagram.com\\\/jardindelosmonos\",\"https:\\\/\\\/www.youtube.com\\\/channel\\\/UCceXfHklvm7JkKrtpow0ryA\"]}]}<\/script>\n<!-- \/ Yoast SEO plugin. -->","yoast_head_json":{"title":"Allgemeine Politik & Stornierungsbedingungen - Costa Rica Bed and Breakfast | B&amp;B Jard\u00edn de los Monos, Playa Matapalo","description":"Allgemeine Politik & Stornierungsbedingungen des B&B Jardin de los Monos, Playa Matapalo, Costa Rica","robots":{"index":"index","follow":"follow","max-snippet":"max-snippet:-1","max-image-preview":"max-image-preview:large","max-video-preview":"max-video-preview:-1"},"canonical":"https:\/\/bnbbythebeach.com\/de\/jardin-de-los-monos-bed-and-breakfast-costa-rica\/allgemeine-politik-stornierungsbedingungen\/","og_locale":"de_DE","og_type":"article","og_title":"Allgemeine Politik & Stornierungsbedingungen - Costa Rica Bed and Breakfast | B&amp;B Jard\u00edn de los Monos, Playa Matapalo","og_description":"Allgemeine Politik & Stornierungsbedingungen des B&B Jardin de los Monos, Playa Matapalo, Costa Rica","og_url":"https:\/\/bnbbythebeach.com\/de\/jardin-de-los-monos-bed-and-breakfast-costa-rica\/allgemeine-politik-stornierungsbedingungen\/","og_site_name":"Costa Rica Bed and Breakfast | B&amp;B Jard\u00edn de los Monos, Playa Matapalo","article_publisher":"https:\/\/www.facebook.com\/BnBbytheBeach\/","article_modified_time":"2024-08-06T21:27:51+00:00","twitter_card":"summary_large_image","twitter_site":"@JardinMonos","twitter_misc":{"Gesch\u00e4tzte Lesezeit":"7\u00a0Minuten"},"schema":{"@context":"https:\/\/schema.org","@graph":[{"@type":"WebPage","@id":"https:\/\/bnbbythebeach.com\/de\/jardin-de-los-monos-bed-and-breakfast-costa-rica\/allgemeine-politik-stornierungsbedingungen\/","url":"https:\/\/bnbbythebeach.com\/de\/jardin-de-los-monos-bed-and-breakfast-costa-rica\/allgemeine-politik-stornierungsbedingungen\/","name":"Allgemeine Politik & Stornierungsbedingungen - Costa Rica Bed and Breakfast | B&amp;B Jard\u00edn de los Monos, Playa Matapalo","isPartOf":{"@id":"https:\/\/bnbbythebeach.com\/de\/#website"},"datePublished":"2020-07-14T21:03:21+00:00","dateModified":"2024-08-06T21:27:51+00:00","description":"Allgemeine Politik & Stornierungsbedingungen des B&B Jardin de los Monos, Playa Matapalo, Costa Rica","breadcrumb":{"@id":"https:\/\/bnbbythebeach.com\/de\/jardin-de-los-monos-bed-and-breakfast-costa-rica\/allgemeine-politik-stornierungsbedingungen\/#breadcrumb"},"inLanguage":"de","potentialAction":[{"@type":"ReadAction","target":["https:\/\/bnbbythebeach.com\/de\/jardin-de-los-monos-bed-and-breakfast-costa-rica\/allgemeine-politik-stornierungsbedingungen\/"]}]},{"@type":"BreadcrumbList","@id":"https:\/\/bnbbythebeach.com\/de\/jardin-de-los-monos-bed-and-breakfast-costa-rica\/allgemeine-politik-stornierungsbedingungen\/#breadcrumb","itemListElement":[{"@type":"ListItem","position":1,"name":"Home","item":"https:\/\/bnbbythebeach.com\/de\/"},{"@type":"ListItem","position":2,"name":"\u00dcber B&#038;B Jard\u00ed\u00adn de los Monos, Matapalo | Bed and Breakfast Costa Rica","item":"https:\/\/bnbbythebeach.com\/de\/jardin-de-los-monos-bed-and-breakfast-costa-rica\/"},{"@type":"ListItem","position":3,"name":"Allgemeine Politik &#038; Stornierungsbedingungen"}]},{"@type":"WebSite","@id":"https:\/\/bnbbythebeach.com\/de\/#website","url":"https:\/\/bnbbythebeach.com\/de\/","name":"Costa Rica Bed and Breakfast | B&amp;B Jard\u00edn de los Monos, Playa Matapalo","description":"Recharge in serene nature at an unspoiled beach","publisher":{"@id":"https:\/\/bnbbythebeach.com\/de\/#organization"},"potentialAction":[{"@type":"SearchAction","target":{"@type":"EntryPoint","urlTemplate":"https:\/\/bnbbythebeach.com\/de\/?s={search_term_string}"},"query-input":{"@type":"PropertyValueSpecification","valueRequired":true,"valueName":"search_term_string"}}],"inLanguage":"de"},{"@type":"Organization","@id":"https:\/\/bnbbythebeach.com\/de\/#organization","name":"B&B Jard\u00edn de los Monos","url":"https:\/\/bnbbythebeach.com\/de\/","logo":{"@type":"ImageObject","inLanguage":"de","@id":"https:\/\/bnbbythebeach.com\/de\/#\/schema\/logo\/image\/","url":"https:\/\/bnbbythebeach.com\/jdlm\/wp-content\/uploads\/2018\/04\/JdlM.png","contentUrl":"https:\/\/bnbbythebeach.com\/jdlm\/wp-content\/uploads\/2018\/04\/JdlM.png","width":581,"height":548,"caption":"B&B Jard\u00edn de los Monos"},"image":{"@id":"https:\/\/bnbbythebeach.com\/de\/#\/schema\/logo\/image\/"},"sameAs":["https:\/\/www.facebook.com\/BnBbytheBeach\/","https:\/\/x.com\/JardinMonos","https:\/\/www.instagram.com\/jardindelosmonos","https:\/\/www.youtube.com\/channel\/UCceXfHklvm7JkKrtpow0ryA"]}]}},"_links":{"self":[{"href":"https:\/\/bnbbythebeach.com\/de\/wp-json\/wp\/v2\/pages\/4484","targetHints":{"allow":["GET"]}}],"collection":[{"href":"https:\/\/bnbbythebeach.com\/de\/wp-json\/wp\/v2\/pages"}],"about":[{"href":"https:\/\/bnbbythebeach.com\/de\/wp-json\/wp\/v2\/types\/page"}],"author":[{"embeddable":true,"href":"https:\/\/bnbbythebeach.com\/de\/wp-json\/wp\/v2\/users\/1"}],"replies":[{"embeddable":true,"href":"https:\/\/bnbbythebeach.com\/de\/wp-json\/wp\/v2\/comments?post=4484"}],"version-history":[{"count":4,"href":"https:\/\/bnbbythebeach.com\/de\/wp-json\/wp\/v2\/pages\/4484\/revisions"}],"predecessor-version":[{"id":8530,"href":"https:\/\/bnbbythebeach.com\/de\/wp-json\/wp\/v2\/pages\/4484\/revisions\/8530"}],"up":[{"embeddable":true,"href":"https:\/\/bnbbythebeach.com\/de\/wp-json\/wp\/v2\/pages\/4434"}],"wp:attachment":[{"href":"https:\/\/bnbbythebeach.com\/de\/wp-json\/wp\/v2\/media?parent=4484"}],"curies":[{"name":"wp","href":"https:\/\/api.w.org\/{rel}","templated":true}]}}