{"id":4489,"date":"2020-07-14T15:17:51","date_gmt":"2020-07-14T21:17:51","guid":{"rendered":"https:\/\/bnbbythebeach.com\/?page_id=4489"},"modified":"2026-02-26T09:59:49","modified_gmt":"2026-02-26T15:59:49","slug":"autovermietung","status":"publish","type":"page","link":"https:\/\/bnbbythebeach.com\/de\/playa-matapalo-costa-rica\/autovermietung\/","title":{"rendered":"Autovermietung in Playa Matapalo, Costa Rica"},"content":{"rendered":"<p>[et_pb_section fb_built=&#8220;1&#8243; fullwidth=&#8220;on&#8220; _builder_version=&#8220;4.16&#8243; global_colors_info=&#8220;{}&#8220;][et_pb_fullwidth_slider show_arrows=&#8220;off&#8220; show_pagination=&#8220;off&#8220; disabled_on=&#8220;off|off|off&#8220; _builder_version=&#8220;4.25.1&#8243; header_level=&#8220;h1&#8243; header_font=&#8220;||||||||&#8220; header_text_align=&#8220;left&#8220; header_font_size=&#8220;38px&#8220; body_text_align=&#8220;left&#8220; body_font_size=&#8220;20&#8243; background_image=&#8220;https:\/\/bnbbythebeach.com\/jdlm\/wp-content\/uploads\/2024\/05\/rental-car-playa-matapalo-costa-rica.jpg&#8220; text_orientation=&#8220;left&#8220; custom_padding=&#8220;30%|15%|3%|0%|false|false&#8220; custom_padding_tablet=&#8220;40%|0%|3%|0%|false|false&#8220; custom_padding_phone=&#8220;80%|0%|0%|0%|false|false&#8220; custom_padding_last_edited=&#8220;on|desktop&#8220; header_text_align_tablet=&#8220;center&#8220; header_text_align_phone=&#8220;&#8220; header_text_align_last_edited=&#8220;on|desktop&#8220; header_font_size_tablet=&#8220;36px&#8220; header_font_size_phone=&#8220;26px&#8220; header_font_size_last_edited=&#8220;on|desktop&#8220; body_text_align_tablet=&#8220;center&#8220; body_text_align_phone=&#8220;&#8220; body_text_align_last_edited=&#8220;on|tablet&#8220; global_colors_info=&#8220;{}&#8220; button_text_size__hover_enabled=&#8220;off&#8220; button_text_size__hover=&#8220;null&#8220; button_one_text_size__hover_enabled=&#8220;off&#8220; button_one_text_size__hover=&#8220;null&#8220; button_two_text_size__hover_enabled=&#8220;off&#8220; button_two_text_size__hover=&#8220;null&#8220; button_text_color__hover_enabled=&#8220;off&#8220; button_text_color__hover=&#8220;null&#8220; button_one_text_color__hover_enabled=&#8220;off&#8220; button_one_text_color__hover=&#8220;null&#8220; button_two_text_color__hover_enabled=&#8220;off&#8220; button_two_text_color__hover=&#8220;null&#8220; button_border_width__hover_enabled=&#8220;off&#8220; button_border_width__hover=&#8220;null&#8220; button_one_border_width__hover_enabled=&#8220;off&#8220; button_one_border_width__hover=&#8220;null&#8220; button_two_border_width__hover_enabled=&#8220;off&#8220; button_two_border_width__hover=&#8220;null&#8220; button_border_color__hover_enabled=&#8220;off&#8220; button_border_color__hover=&#8220;null&#8220; button_one_border_color__hover_enabled=&#8220;off&#8220; button_one_border_color__hover=&#8220;null&#8220; button_two_border_color__hover_enabled=&#8220;off&#8220; button_two_border_color__hover=&#8220;null&#8220; button_border_radius__hover_enabled=&#8220;off&#8220; button_border_radius__hover=&#8220;null&#8220; button_one_border_radius__hover_enabled=&#8220;off&#8220; button_one_border_radius__hover=&#8220;null&#8220; button_two_border_radius__hover_enabled=&#8220;off&#8220; button_two_border_radius__hover=&#8220;null&#8220; button_letter_spacing__hover_enabled=&#8220;off&#8220; button_letter_spacing__hover=&#8220;null&#8220; button_one_letter_spacing__hover_enabled=&#8220;off&#8220; button_one_letter_spacing__hover=&#8220;null&#8220; button_two_letter_spacing__hover_enabled=&#8220;off&#8220; button_two_letter_spacing__hover=&#8220;null&#8220; button_bg_color__hover_enabled=&#8220;off&#8220; button_bg_color__hover=&#8220;null&#8220; button_one_bg_color__hover_enabled=&#8220;off&#8220; button_one_bg_color__hover=&#8220;null&#8220; button_two_bg_color__hover_enabled=&#8220;off&#8220; button_two_bg_color__hover=&#8220;null&#8220;][et_pb_slide heading=&#8220;Autovermietung in Playa Matapalo, Costa Rica&#8220; use_bg_overlay=&#8220;off&#8220; use_text_overlay=&#8220;on&#8220; text_overlay_color=&#8220;rgba(35,31,32,0.7)&#8220; _builder_version=&#8220;4.16&#8243; background_color=&#8220;#ffffff&#8220; button_on_hover=&#8220;on&#8220; custom_padding_tablet=&#8220;||30px|&#8220; custom_padding_phone=&#8220;||30px|&#8220; text_shadow_style=&#8220;preset4&#8243; global_colors_info=&#8220;{}&#8220; button_text_size__hover_enabled=&#8220;off&#8220; button_one_text_size__hover_enabled=&#8220;off&#8220; button_two_text_size__hover_enabled=&#8220;off&#8220; button_text_color__hover_enabled=&#8220;off&#8220; button_one_text_color__hover_enabled=&#8220;off&#8220; button_two_text_color__hover_enabled=&#8220;off&#8220; button_border_width__hover_enabled=&#8220;off&#8220; button_one_border_width__hover_enabled=&#8220;off&#8220; button_two_border_width__hover_enabled=&#8220;off&#8220; button_border_color__hover_enabled=&#8220;off&#8220; button_one_border_color__hover_enabled=&#8220;off&#8220; button_two_border_color__hover_enabled=&#8220;off&#8220; button_border_radius__hover_enabled=&#8220;off&#8220; button_one_border_radius__hover_enabled=&#8220;off&#8220; button_two_border_radius__hover_enabled=&#8220;off&#8220; button_letter_spacing__hover_enabled=&#8220;off&#8220; button_one_letter_spacing__hover_enabled=&#8220;off&#8220; button_two_letter_spacing__hover_enabled=&#8220;off&#8220; button_bg_color__hover_enabled=&#8220;off&#8220; button_one_bg_color__hover_enabled=&#8220;off&#8220; button_two_bg_color__hover_enabled=&#8220;off&#8220; sticky_transition=&#8220;on&#8220;][\/et_pb_slide][\/et_pb_fullwidth_slider][\/et_pb_section][et_pb_section fb_built=&#8220;1&#8243; _builder_version=&#8220;4.16&#8243; global_colors_info=&#8220;{}&#8220;][et_pb_row _builder_version=&#8220;4.16&#8243; background_size=&#8220;initial&#8220; background_position=&#8220;top_left&#8220; background_repeat=&#8220;repeat&#8220; custom_padding=&#8220;11px|0px|27px|0px&#8220; global_colors_info=&#8220;{}&#8220;][et_pb_column type=&#8220;4_4&#8243; _builder_version=&#8220;4.16&#8243; custom_padding=&#8220;|||&#8220; global_colors_info=&#8220;{}&#8220; custom_padding__hover=&#8220;|||&#8220;][et_pb_text _builder_version=&#8220;4.16&#8243; text_orientation=&#8220;center&#8220; max_width=&#8220;80%&#8220; max_width_tablet=&#8220;&#8220; max_width_phone=&#8220;100%&#8220; max_width_last_edited=&#8220;on|phone&#8220; module_alignment=&#8220;center&#8220; custom_margin=&#8220;||10px|&#8220; global_colors_info=&#8220;{}&#8220;]<\/p>\n<h2>Adobe Rent a Car<\/h2>\n<p>[\/et_pb_text][et_pb_divider show_divider=&#8220;off&#8220; _builder_version=&#8220;4.16&#8243; max_width=&#8220;8%&#8220; module_alignment=&#8220;center&#8220; height=&#8220;4px&#8220; custom_margin=&#8220;18px|||&#8220; custom_padding=&#8220;|||&#8220; filter_brightness=&#8220;96%&#8220; global_colors_info=&#8220;{}&#8220;][\/et_pb_divider][et_pb_text _builder_version=&#8220;4.25.1&#8243; text_font_size=&#8220;16px&#8220; header_font=&#8220;||||||||&#8220; header_2_font=&#8220;||||||||&#8220; text_orientation=&#8220;center&#8220; max_width=&#8220;80%&#8220; max_width_tablet=&#8220;&#8220; max_width_phone=&#8220;100%&#8220; max_width_last_edited=&#8220;on|phone&#8220; module_alignment=&#8220;center&#8220; global_colors_info=&#8220;{}&#8220;]<\/p>\n<p>Suchen Sie immer noch nach Ihrem Mietwagen in Costa Rica? Wir empfehlen Adobe Rent a Car. Sie haben sich als zuverl\u00e4ssiges Autovermietungsunternehmen mit Standorten in ganz Costa Rica erwiesen. Sie k\u00f6nnen Ihr Auto am Anfang Ihrer Reise mieten, wenn Sie am Flughafen San Jose (SJO, Juan Santamaria), am Flughafen Liberia (LIR, Daniel Oduber Quir\u00f3s) oder sogar am Inlandsflughafen von Quepos (XQP, La Managua) ankommen, der nur 25 Minuten von unserem B&amp;B in Playa Matapalo entfernt ist. Sie k\u00f6nnen Ihr Auto nat\u00fcrlich auch an einem der vielen anderen Orte in Costa Rica abholen.<\/p>\n<p>Adobe Rent a Car bietet eine gro\u00dfe Auswahl an Modellen, darunter auch Autos mit Allradantrieb (obwohl ein Allradantrieb f\u00fcr Ihren Besuch in Playa Matapalo nicht erforderlich ist). Die Flotte ist neu, aber nur f\u00fcr den Fall, dass etwas passiert; Adobe Rent a Car hat 2 Standorte in der N\u00e4he unseres Bed and Breakfast in Playa Matapalo, Costa Rica: Quepos und Uvita.<\/p>\n<p><strong>Sie k\u00f6nnen Ihre Mietwagenreservierung in nur einer Minute vornehmen; nutzen Sie das Online-Reservierungssystem auf dieser Seite, um die Preise und Optionen f\u00fcr Ihre Reisedaten zu pr\u00fcfen. Ihre Reservierung wird sofort nach der Buchung best\u00e4tigt.<\/strong><\/p>\n<p>[\/et_pb_text][et_pb_code _builder_version=&#8220;4.27.5&#8243; _module_preset=&#8220;default&#8220; text_orientation=&#8220;center&#8220; max_width=&#8220;80%&#8220; max_width_tablet=&#8220;80%&#8220; max_width_phone=&#8220;100%&#8220; max_width_last_edited=&#8220;on|phone&#8220; module_alignment=&#8220;center&#8220; global_colors_info=&#8220;{}&#8220;]<iframe src=\"https:\/\/www.adobecar.com\/de\/iframe\/?iframe_layout=1&#038;promo_code=M6730\" frameborder=\"0\" allowfullscreen style=\"height: 500px;min-height: 450px;width: 600px;\"><\/iframe>[\/et_pb_code][et_pb_text _builder_version=&#8220;4.25.1&#8243; text_font_size=&#8220;16px&#8220; header_font=&#8220;||||||||&#8220; header_2_font=&#8220;||||||||&#8220; text_orientation=&#8220;center&#8220; max_width=&#8220;80%&#8220; max_width_tablet=&#8220;&#8220; max_width_phone=&#8220;100%&#8220; max_width_last_edited=&#8220;on|phone&#8220; module_alignment=&#8220;center&#8220; global_colors_info=&#8220;{}&#8220;]Auf der n\u00e4chsten Seite finden Sie <a href=\"https:\/\/bnbbythebeach.com\/de\/playa-matapalo-costa-rica\/\">weitere Informationen zu Playa Matapalo, Costa Rica<\/a>.[\/et_pb_text][\/et_pb_column][\/et_pb_row][\/et_pb_section][et_pb_section fb_built=&#8220;1&#8243; _builder_version=&#8220;4.19.4&#8243; background_color=&#8220;#aacbe0&#8243; use_background_color_gradient=&#8220;on&#8220; background_color_gradient_type=&#8220;circular&#8220; background_color_gradient_stops=&#8220;#77abd8 7%|#ededed 100%&#8220; background_color_gradient_start=&#8220;#77abd8&#8243; background_color_gradient_start_position=&#8220;7%&#8220; background_color_gradient_end=&#8220;#ededed&#8220; transform_scale=&#8220;86%|86%&#8220; width=&#8220;84%&#8220; width_tablet=&#8220;84%&#8220; width_phone=&#8220;100%&#8220; width_last_edited=&#8220;on|phone&#8220; module_alignment=&#8220;center&#8220; custom_padding=&#8220;6px||2px|||&#8220; border_radii=&#8220;on|44px|44px|44px|44px&#8220; box_shadow_style=&#8220;preset1&#8243; box_shadow_vertical=&#8220;0px&#8220; box_shadow_blur=&#8220;0px&#8220; box_shadow_color=&#8220;#51abe0&#8243; box_shadow_horizontal_tablet=&#8220;&#8220; box_shadow_horizontal_phone=&#8220;&#8220; box_shadow_horizontal_last_edited=&#8220;on|desktop&#8220; global_module=&#8220;4400&#8243; saved_tabs=&#8220;all&#8220; locked=&#8220;off&#8220; global_colors_info=&#8220;{}&#8220; background__hover_enabled=&#8220;on|hover&#8220; background_color_gradient_end__hover=&#8220;#231f20&#8243; background_color_gradient_start__hover=&#8220;#51abe0&#8243; background_color_gradient_type__hover=&#8220;circular&#8220; background_color_gradient_start_position__hover=&#8220;31%&#8220; background_color_gradient_end_position__hover=&#8220;89%&#8220; transform_styles__hover_enabled=&#8220;on|hover&#8220; transform_scale__hover_enabled=&#8220;on|hover&#8220; transform_translate__hover_enabled=&#8220;on|desktop&#8220; transform_rotate__hover_enabled=&#8220;on|desktop&#8220; transform_skew__hover_enabled=&#8220;on|desktop&#8220; transform_origin__hover_enabled=&#8220;on|desktop&#8220; transform_scale__hover=&#8220;115%|115%&#8220; box_shadow_horizontal__hover_enabled=&#8220;on|hover&#8220; box_shadow_blur__hover_enabled=&#8220;on|hover&#8220; box_shadow_blur__hover=&#8220;80px&#8220; box_shadow_spread__hover_enabled=&#8220;on|hover&#8220; box_shadow_spread__hover=&#8220;80px&#8220; background_color_gradient_stops__hover=&#8220;#51abe0 31%|#231f20 89%&#8220;][et_pb_row _builder_version=&#8220;4.16&#8243; custom_padding=&#8220;||3px|||&#8220; global_colors_info=&#8220;{}&#8220;][et_pb_column type=&#8220;4_4&#8243; _builder_version=&#8220;4.16&#8243; global_colors_info=&#8220;{}&#8220;][et_pb_text _builder_version=&#8220;4.16&#8243; text_font_size=&#8220;18px&#8220; text_line_height=&#8220;1.6em&#8220; header_font_size=&#8220;36px&#8220; header_3_text_color=&#8220;#f37520&#8243; header_3_font_size=&#8220;37px&#8220; text_orientation=&#8220;center&#8220; width=&#8220;80%&#8220; width_tablet=&#8220;100%&#8220; width_phone=&#8220;&#8220; width_last_edited=&#8220;on|phone&#8220; module_alignment=&#8220;center&#8220; custom_padding=&#8220;31px||||false|false&#8220; global_colors_info=&#8220;{}&#8220;]<\/p>\n<h3>Sonderangebot!<\/h3>\n<p>&nbsp;<\/p>\n<p><span style=\"color: #231f20;\"><strong>Direkt bei uns buchen ist g\u00fcnstiger!<\/strong> Suchen Sie nach den Sonderangeboten auf unserer Buchungsseite. Sie buchen sie sorgenfrei <strong>mit flexiblen Stornierungsbedingungen.<\/strong><\/span><\/p>\n<p><span style=\"color: #ffffff; font-size: large;\">Nur auf unserer eigenen Website!<\/span><\/p>\n<p>[\/et_pb_text][et_pb_button button_url=&#8220;@ET-DC@eyJkeW5hbWljIjp0cnVlLCJjb250ZW50IjoicG9zdF9saW5rX3VybF9wYWdlIiwic2V0dGluZ3MiOnsicG9zdF9pZCI6IjIyMjUifX0=@&#8220; button_text=&#8220;Unsere Buchungsseite&#8220; button_alignment=&#8220;center&#8220; module_id=&#8220;cta_button_to_beds24&#8243; _builder_version=&#8220;4.16&#8243; _dynamic_attributes=&#8220;button_url&#8220; background_layout=&#8220;dark&#8220; global_colors_info=&#8220;{}&#8220;][\/et_pb_button][et_pb_text _builder_version=&#8220;4.27.5&#8243; text_font_size=&#8220;18px&#8220; header_font_size=&#8220;36px&#8220; header_3_font_size=&#8220;30px&#8220; custom_padding=&#8220;0px||||false|false&#8220; global_colors_info=&#8220;{}&#8220;]<\/p>\n<h3 style=\"text-align: center;\"><span style=\"color: rgba(35, 31, 32, 0.86); font-size: 18px; font-family: 'Maven Pro', Helvetica, Arial, Lucida, sans-serif;\">Wir sind stolz darauf, das bestbewertete B&amp;B\/ Hotel in Playa Matapalo zu sein<\/span><\/h3>\n<h3 style=\"text-align: center;\"><span style=\"font-size: medium;\"><strong style=\"color: #666666; font-family: 'Maven Pro', Helvetica, Arial, Lucida, sans-serif;\"><span style=\"color: #f37520;\">9.7 Punkte Booking.com | <\/span><\/strong><strong style=\"color: #666666; font-family: 'Maven Pro', Helvetica, Arial, Lucida, sans-serif;\"><span style=\"color: #f37520;\">5 Sterne TripAdvisor | <\/span><\/strong><strong style=\"color: #666666; font-family: 'Maven Pro', Helvetica, Arial, Lucida, sans-serif;\"><span style=\"color: #f37520;\">5 Sterne Google<\/span><\/strong><\/span><\/h3>\n<p style=\"text-align: center;\">[\/et_pb_text][\/et_pb_column][\/et_pb_row][\/et_pb_section][et_pb_section fb_built=&#8220;1&#8243; _builder_version=&#8220;4.16&#8243; _module_preset=&#8220;default&#8220; global_colors_info=&#8220;{}&#8220;][et_pb_row _builder_version=&#8220;4.16&#8243; _module_preset=&#8220;default&#8220; global_colors_info=&#8220;{}&#8220;][et_pb_column type=&#8220;4_4&#8243; _builder_version=&#8220;4.16&#8243; _module_preset=&#8220;default&#8220; global_colors_info=&#8220;{}&#8220;][\/et_pb_column][\/et_pb_row][\/et_pb_section]<\/p>\n","protected":false},"excerpt":{"rendered":"<p>Adobe Rent a CarSuchen Sie immer noch nach Ihrem Mietwagen in Costa Rica? Wir empfehlen Adobe Rent a Car. Sie haben sich als zuverl\u00e4ssiges Autovermietungsunternehmen mit Standorten in ganz Costa Rica erwiesen. Sie k\u00f6nnen Ihr Auto am Anfang Ihrer Reise mieten, wenn Sie am Flughafen San Jose (SJO, Juan Santamaria), am Flughafen Liberia (LIR, Daniel [&hellip;]<\/p>\n","protected":false},"author":1,"featured_media":0,"parent":4421,"menu_order":0,"comment_status":"closed","ping_status":"closed","template":"","meta":{"_et_pb_use_builder":"on","_et_pb_old_content":"","_et_gb_content_width":"","footnotes":""},"class_list":["post-4489","page","type-page","status-publish","hentry"],"yoast_head":"<!-- This site is optimized with the Yoast SEO plugin v27.4 - https:\/\/yoast.com\/product\/yoast-seo-wordpress\/ -->\n<title>Autovermietung in Playa Matapalo, Costa Rica | Ihr Mietwagen online<\/title>\n<meta name=\"description\" content=\"Unser bevorzugter Partner ist zuverl\u00e4ssig, bietet gute Preise und hat viele Standorte in Costa Rica. auch 2 in unserer Gegend. B&amp;B Jard\u00edn de los Monos.\" \/>\n<meta name=\"robots\" content=\"index, follow, max-snippet:-1, max-image-preview:large, max-video-preview:-1\" \/>\n<link rel=\"canonical\" href=\"https:\/\/bnbbythebeach.com\/de\/playa-matapalo-costa-rica\/autovermietung\/\" \/>\n<meta property=\"og:locale\" content=\"de_DE\" \/>\n<meta property=\"og:type\" content=\"article\" \/>\n<meta property=\"og:title\" content=\"Autovermietung in Playa Matapalo, Costa Rica | Ihr Mietwagen online\" \/>\n<meta property=\"og:description\" content=\"Unser bevorzugter Partner ist zuverl\u00e4ssig, bietet gute Preise und hat viele Standorte in Costa Rica. auch 2 in unserer Gegend. B&amp;B Jard\u00edn de los Monos.\" \/>\n<meta property=\"og:url\" content=\"https:\/\/bnbbythebeach.com\/de\/playa-matapalo-costa-rica\/autovermietung\/\" \/>\n<meta property=\"og:site_name\" content=\"Costa Rica Bed and Breakfast | B&amp;B Jard\u00edn de los Monos, Playa Matapalo\" \/>\n<meta property=\"article:publisher\" content=\"https:\/\/www.facebook.com\/BnBbytheBeach\/\" \/>\n<meta property=\"article:modified_time\" content=\"2026-02-26T15:59:49+00:00\" \/>\n<meta name=\"twitter:card\" content=\"summary_large_image\" \/>\n<meta name=\"twitter:site\" content=\"@JardinMonos\" \/>\n<meta name=\"twitter:label1\" content=\"Gesch\u00e4tzte Lesezeit\" \/>\n\t<meta name=\"twitter:data1\" content=\"2\u00a0Minuten\" \/>\n<script type=\"application\/ld+json\" class=\"yoast-schema-graph\">{\"@context\":\"https:\\\/\\\/schema.org\",\"@graph\":[{\"@type\":\"WebPage\",\"@id\":\"https:\\\/\\\/bnbbythebeach.com\\\/de\\\/playa-matapalo-costa-rica\\\/autovermietung\\\/\",\"url\":\"https:\\\/\\\/bnbbythebeach.com\\\/de\\\/playa-matapalo-costa-rica\\\/autovermietung\\\/\",\"name\":\"Autovermietung in Playa Matapalo, Costa Rica | Ihr Mietwagen online\",\"isPartOf\":{\"@id\":\"https:\\\/\\\/bnbbythebeach.com\\\/de\\\/#website\"},\"datePublished\":\"2020-07-14T21:17:51+00:00\",\"dateModified\":\"2026-02-26T15:59:49+00:00\",\"description\":\"Unser bevorzugter Partner ist zuverl\u00e4ssig, bietet gute Preise und hat viele Standorte in Costa Rica. auch 2 in unserer Gegend. B&B Jard\u00edn de los Monos.\",\"breadcrumb\":{\"@id\":\"https:\\\/\\\/bnbbythebeach.com\\\/de\\\/playa-matapalo-costa-rica\\\/autovermietung\\\/#breadcrumb\"},\"inLanguage\":\"de\",\"potentialAction\":[{\"@type\":\"ReadAction\",\"target\":[\"https:\\\/\\\/bnbbythebeach.com\\\/de\\\/playa-matapalo-costa-rica\\\/autovermietung\\\/\"]}]},{\"@type\":\"BreadcrumbList\",\"@id\":\"https:\\\/\\\/bnbbythebeach.com\\\/de\\\/playa-matapalo-costa-rica\\\/autovermietung\\\/#breadcrumb\",\"itemListElement\":[{\"@type\":\"ListItem\",\"position\":1,\"name\":\"Home\",\"item\":\"https:\\\/\\\/bnbbythebeach.com\\\/de\\\/\"},{\"@type\":\"ListItem\",\"position\":2,\"name\":\"Das verborgene Juwel von Playa Matapalo Costa Rica\",\"item\":\"https:\\\/\\\/bnbbythebeach.com\\\/de\\\/playa-matapalo-costa-rica\\\/\"},{\"@type\":\"ListItem\",\"position\":3,\"name\":\"Autovermietung in Playa Matapalo, Costa Rica\"}]},{\"@type\":\"WebSite\",\"@id\":\"https:\\\/\\\/bnbbythebeach.com\\\/de\\\/#website\",\"url\":\"https:\\\/\\\/bnbbythebeach.com\\\/de\\\/\",\"name\":\"Costa Rica Bed and Breakfast | B&amp;B Jard\u00edn de los Monos, Playa Matapalo\",\"description\":\"Recharge in serene nature at an unspoiled beach\",\"publisher\":{\"@id\":\"https:\\\/\\\/bnbbythebeach.com\\\/de\\\/#organization\"},\"potentialAction\":[{\"@type\":\"SearchAction\",\"target\":{\"@type\":\"EntryPoint\",\"urlTemplate\":\"https:\\\/\\\/bnbbythebeach.com\\\/de\\\/?s={search_term_string}\"},\"query-input\":{\"@type\":\"PropertyValueSpecification\",\"valueRequired\":true,\"valueName\":\"search_term_string\"}}],\"inLanguage\":\"de\"},{\"@type\":\"Organization\",\"@id\":\"https:\\\/\\\/bnbbythebeach.com\\\/de\\\/#organization\",\"name\":\"B&B Jard\u00edn de los Monos\",\"url\":\"https:\\\/\\\/bnbbythebeach.com\\\/de\\\/\",\"logo\":{\"@type\":\"ImageObject\",\"inLanguage\":\"de\",\"@id\":\"https:\\\/\\\/bnbbythebeach.com\\\/de\\\/#\\\/schema\\\/logo\\\/image\\\/\",\"url\":\"https:\\\/\\\/bnbbythebeach.com\\\/jdlm\\\/wp-content\\\/uploads\\\/2018\\\/04\\\/JdlM.png\",\"contentUrl\":\"https:\\\/\\\/bnbbythebeach.com\\\/jdlm\\\/wp-content\\\/uploads\\\/2018\\\/04\\\/JdlM.png\",\"width\":581,\"height\":548,\"caption\":\"B&B Jard\u00edn de los Monos\"},\"image\":{\"@id\":\"https:\\\/\\\/bnbbythebeach.com\\\/de\\\/#\\\/schema\\\/logo\\\/image\\\/\"},\"sameAs\":[\"https:\\\/\\\/www.facebook.com\\\/BnBbytheBeach\\\/\",\"https:\\\/\\\/x.com\\\/JardinMonos\",\"https:\\\/\\\/www.instagram.com\\\/jardindelosmonos\",\"https:\\\/\\\/www.youtube.com\\\/channel\\\/UCceXfHklvm7JkKrtpow0ryA\"]}]}<\/script>\n<!-- \/ Yoast SEO plugin. -->","yoast_head_json":{"title":"Autovermietung in Playa Matapalo, Costa Rica | Ihr Mietwagen online","description":"Unser bevorzugter Partner ist zuverl\u00e4ssig, bietet gute Preise und hat viele Standorte in Costa Rica. auch 2 in unserer Gegend. B&B Jard\u00edn de los Monos.","robots":{"index":"index","follow":"follow","max-snippet":"max-snippet:-1","max-image-preview":"max-image-preview:large","max-video-preview":"max-video-preview:-1"},"canonical":"https:\/\/bnbbythebeach.com\/de\/playa-matapalo-costa-rica\/autovermietung\/","og_locale":"de_DE","og_type":"article","og_title":"Autovermietung in Playa Matapalo, Costa Rica | Ihr Mietwagen online","og_description":"Unser bevorzugter Partner ist zuverl\u00e4ssig, bietet gute Preise und hat viele Standorte in Costa Rica. auch 2 in unserer Gegend. B&B Jard\u00edn de los Monos.","og_url":"https:\/\/bnbbythebeach.com\/de\/playa-matapalo-costa-rica\/autovermietung\/","og_site_name":"Costa Rica Bed and Breakfast | B&amp;B Jard\u00edn de los Monos, Playa Matapalo","article_publisher":"https:\/\/www.facebook.com\/BnBbytheBeach\/","article_modified_time":"2026-02-26T15:59:49+00:00","twitter_card":"summary_large_image","twitter_site":"@JardinMonos","twitter_misc":{"Gesch\u00e4tzte Lesezeit":"2\u00a0Minuten"},"schema":{"@context":"https:\/\/schema.org","@graph":[{"@type":"WebPage","@id":"https:\/\/bnbbythebeach.com\/de\/playa-matapalo-costa-rica\/autovermietung\/","url":"https:\/\/bnbbythebeach.com\/de\/playa-matapalo-costa-rica\/autovermietung\/","name":"Autovermietung in Playa Matapalo, Costa Rica | Ihr Mietwagen online","isPartOf":{"@id":"https:\/\/bnbbythebeach.com\/de\/#website"},"datePublished":"2020-07-14T21:17:51+00:00","dateModified":"2026-02-26T15:59:49+00:00","description":"Unser bevorzugter Partner ist zuverl\u00e4ssig, bietet gute Preise und hat viele Standorte in Costa Rica. auch 2 in unserer Gegend. B&B Jard\u00edn de los Monos.","breadcrumb":{"@id":"https:\/\/bnbbythebeach.com\/de\/playa-matapalo-costa-rica\/autovermietung\/#breadcrumb"},"inLanguage":"de","potentialAction":[{"@type":"ReadAction","target":["https:\/\/bnbbythebeach.com\/de\/playa-matapalo-costa-rica\/autovermietung\/"]}]},{"@type":"BreadcrumbList","@id":"https:\/\/bnbbythebeach.com\/de\/playa-matapalo-costa-rica\/autovermietung\/#breadcrumb","itemListElement":[{"@type":"ListItem","position":1,"name":"Home","item":"https:\/\/bnbbythebeach.com\/de\/"},{"@type":"ListItem","position":2,"name":"Das verborgene Juwel von Playa Matapalo Costa Rica","item":"https:\/\/bnbbythebeach.com\/de\/playa-matapalo-costa-rica\/"},{"@type":"ListItem","position":3,"name":"Autovermietung in Playa Matapalo, Costa Rica"}]},{"@type":"WebSite","@id":"https:\/\/bnbbythebeach.com\/de\/#website","url":"https:\/\/bnbbythebeach.com\/de\/","name":"Costa Rica Bed and Breakfast | B&amp;B Jard\u00edn de los Monos, Playa Matapalo","description":"Recharge in serene nature at an unspoiled beach","publisher":{"@id":"https:\/\/bnbbythebeach.com\/de\/#organization"},"potentialAction":[{"@type":"SearchAction","target":{"@type":"EntryPoint","urlTemplate":"https:\/\/bnbbythebeach.com\/de\/?s={search_term_string}"},"query-input":{"@type":"PropertyValueSpecification","valueRequired":true,"valueName":"search_term_string"}}],"inLanguage":"de"},{"@type":"Organization","@id":"https:\/\/bnbbythebeach.com\/de\/#organization","name":"B&B Jard\u00edn de los Monos","url":"https:\/\/bnbbythebeach.com\/de\/","logo":{"@type":"ImageObject","inLanguage":"de","@id":"https:\/\/bnbbythebeach.com\/de\/#\/schema\/logo\/image\/","url":"https:\/\/bnbbythebeach.com\/jdlm\/wp-content\/uploads\/2018\/04\/JdlM.png","contentUrl":"https:\/\/bnbbythebeach.com\/jdlm\/wp-content\/uploads\/2018\/04\/JdlM.png","width":581,"height":548,"caption":"B&B Jard\u00edn de los Monos"},"image":{"@id":"https:\/\/bnbbythebeach.com\/de\/#\/schema\/logo\/image\/"},"sameAs":["https:\/\/www.facebook.com\/BnBbytheBeach\/","https:\/\/x.com\/JardinMonos","https:\/\/www.instagram.com\/jardindelosmonos","https:\/\/www.youtube.com\/channel\/UCceXfHklvm7JkKrtpow0ryA"]}]}},"_links":{"self":[{"href":"https:\/\/bnbbythebeach.com\/de\/wp-json\/wp\/v2\/pages\/4489","targetHints":{"allow":["GET"]}}],"collection":[{"href":"https:\/\/bnbbythebeach.com\/de\/wp-json\/wp\/v2\/pages"}],"about":[{"href":"https:\/\/bnbbythebeach.com\/de\/wp-json\/wp\/v2\/types\/page"}],"author":[{"embeddable":true,"href":"https:\/\/bnbbythebeach.com\/de\/wp-json\/wp\/v2\/users\/1"}],"replies":[{"embeddable":true,"href":"https:\/\/bnbbythebeach.com\/de\/wp-json\/wp\/v2\/comments?post=4489"}],"version-history":[{"count":10,"href":"https:\/\/bnbbythebeach.com\/de\/wp-json\/wp\/v2\/pages\/4489\/revisions"}],"predecessor-version":[{"id":9376,"href":"https:\/\/bnbbythebeach.com\/de\/wp-json\/wp\/v2\/pages\/4489\/revisions\/9376"}],"up":[{"embeddable":true,"href":"https:\/\/bnbbythebeach.com\/de\/wp-json\/wp\/v2\/pages\/4421"}],"wp:attachment":[{"href":"https:\/\/bnbbythebeach.com\/de\/wp-json\/wp\/v2\/media?parent=4489"}],"curies":[{"name":"wp","href":"https:\/\/api.w.org\/{rel}","templated":true}]}}