{"id":4220,"date":"2020-07-13T12:13:22","date_gmt":"2020-07-13T18:13:22","guid":{"rendered":"https:\/\/bnbbythebeach.com\/?page_id=4220"},"modified":"2026-02-26T10:00:48","modified_gmt":"2026-02-26T16:00:48","slug":"alquiler-coches","status":"publish","type":"page","link":"https:\/\/bnbbythebeach.com\/es\/playa-matapalo-costa-rica\/alquiler-coches\/","title":{"rendered":"Alquiler de Coches en Playa Matapalo, Costa Rica"},"content":{"rendered":"<p>[et_pb_section fb_built=\u00bb1&#8243; fullwidth=\u00bbon\u00bb _builder_version=\u00bb4.16&#8243; global_colors_info=\u00bb{}\u00bb][et_pb_fullwidth_slider show_arrows=\u00bboff\u00bb show_pagination=\u00bboff\u00bb disabled_on=\u00bboff|off|off\u00bb _builder_version=\u00bb4.25.1&#8243; header_level=\u00bbh1&#8243; header_font=\u00bb||||||||\u00bb header_text_align=\u00bbleft\u00bb header_font_size=\u00bb38px\u00bb body_text_align=\u00bbleft\u00bb body_font_size=\u00bb20&#8243; background_image=\u00bbhttps:\/\/bnbbythebeach.com\/jdlm\/wp-content\/uploads\/2024\/05\/rental-car-playa-matapalo-costa-rica.jpg\u00bb text_orientation=\u00bbleft\u00bb custom_padding=\u00bb30%|15%|3%|0%|false|false\u00bb custom_padding_tablet=\u00bb40%|0%|3%|0%|false|false\u00bb custom_padding_phone=\u00bb80%|0%|0%|0%|false|false\u00bb custom_padding_last_edited=\u00bbon|desktop\u00bb header_text_align_tablet=\u00bbcenter\u00bb header_text_align_phone=\u00bb\u00bb header_text_align_last_edited=\u00bbon|desktop\u00bb header_font_size_tablet=\u00bb36px\u00bb header_font_size_phone=\u00bb26px\u00bb header_font_size_last_edited=\u00bbon|desktop\u00bb body_text_align_tablet=\u00bbcenter\u00bb body_text_align_phone=\u00bb\u00bb body_text_align_last_edited=\u00bbon|tablet\u00bb global_colors_info=\u00bb{}\u00bb button_text_size__hover_enabled=\u00bboff\u00bb button_text_size__hover=\u00bbnull\u00bb button_one_text_size__hover_enabled=\u00bboff\u00bb button_one_text_size__hover=\u00bbnull\u00bb button_two_text_size__hover_enabled=\u00bboff\u00bb button_two_text_size__hover=\u00bbnull\u00bb button_text_color__hover_enabled=\u00bboff\u00bb button_text_color__hover=\u00bbnull\u00bb button_one_text_color__hover_enabled=\u00bboff\u00bb button_one_text_color__hover=\u00bbnull\u00bb button_two_text_color__hover_enabled=\u00bboff\u00bb button_two_text_color__hover=\u00bbnull\u00bb button_border_width__hover_enabled=\u00bboff\u00bb button_border_width__hover=\u00bbnull\u00bb button_one_border_width__hover_enabled=\u00bboff\u00bb button_one_border_width__hover=\u00bbnull\u00bb button_two_border_width__hover_enabled=\u00bboff\u00bb button_two_border_width__hover=\u00bbnull\u00bb button_border_color__hover_enabled=\u00bboff\u00bb button_border_color__hover=\u00bbnull\u00bb button_one_border_color__hover_enabled=\u00bboff\u00bb button_one_border_color__hover=\u00bbnull\u00bb button_two_border_color__hover_enabled=\u00bboff\u00bb button_two_border_color__hover=\u00bbnull\u00bb button_border_radius__hover_enabled=\u00bboff\u00bb button_border_radius__hover=\u00bbnull\u00bb button_one_border_radius__hover_enabled=\u00bboff\u00bb button_one_border_radius__hover=\u00bbnull\u00bb button_two_border_radius__hover_enabled=\u00bboff\u00bb button_two_border_radius__hover=\u00bbnull\u00bb button_letter_spacing__hover_enabled=\u00bboff\u00bb button_letter_spacing__hover=\u00bbnull\u00bb button_one_letter_spacing__hover_enabled=\u00bboff\u00bb button_one_letter_spacing__hover=\u00bbnull\u00bb button_two_letter_spacing__hover_enabled=\u00bboff\u00bb button_two_letter_spacing__hover=\u00bbnull\u00bb button_bg_color__hover_enabled=\u00bboff\u00bb button_bg_color__hover=\u00bbnull\u00bb button_one_bg_color__hover_enabled=\u00bboff\u00bb button_one_bg_color__hover=\u00bbnull\u00bb button_two_bg_color__hover_enabled=\u00bboff\u00bb button_two_bg_color__hover=\u00bbnull\u00bb][et_pb_slide heading=\u00bbAlquiler de Coches en Playa Matapalo, Costa Rica\u00bb use_bg_overlay=\u00bboff\u00bb use_text_overlay=\u00bbon\u00bb text_overlay_color=\u00bbrgba(35,31,32,0.7)\u00bb _builder_version=\u00bb4.16&#8243; background_color=\u00bb#ffffff\u00bb button_on_hover=\u00bbon\u00bb custom_padding_tablet=\u00bb||30px|\u00bb custom_padding_phone=\u00bb||30px|\u00bb text_shadow_style=\u00bbpreset4&#8243; global_colors_info=\u00bb{}\u00bb button_text_size__hover_enabled=\u00bboff\u00bb button_one_text_size__hover_enabled=\u00bboff\u00bb button_two_text_size__hover_enabled=\u00bboff\u00bb button_text_color__hover_enabled=\u00bboff\u00bb button_one_text_color__hover_enabled=\u00bboff\u00bb button_two_text_color__hover_enabled=\u00bboff\u00bb button_border_width__hover_enabled=\u00bboff\u00bb button_one_border_width__hover_enabled=\u00bboff\u00bb button_two_border_width__hover_enabled=\u00bboff\u00bb button_border_color__hover_enabled=\u00bboff\u00bb button_one_border_color__hover_enabled=\u00bboff\u00bb button_two_border_color__hover_enabled=\u00bboff\u00bb button_border_radius__hover_enabled=\u00bboff\u00bb button_one_border_radius__hover_enabled=\u00bboff\u00bb button_two_border_radius__hover_enabled=\u00bboff\u00bb button_letter_spacing__hover_enabled=\u00bboff\u00bb button_one_letter_spacing__hover_enabled=\u00bboff\u00bb button_two_letter_spacing__hover_enabled=\u00bboff\u00bb button_bg_color__hover_enabled=\u00bboff\u00bb button_one_bg_color__hover_enabled=\u00bboff\u00bb button_two_bg_color__hover_enabled=\u00bboff\u00bb sticky_transition=\u00bbon\u00bb][\/et_pb_slide][\/et_pb_fullwidth_slider][\/et_pb_section][et_pb_section fb_built=\u00bb1&#8243; _builder_version=\u00bb4.16&#8243; global_colors_info=\u00bb{}\u00bb][et_pb_row _builder_version=\u00bb4.16&#8243; background_size=\u00bbinitial\u00bb background_position=\u00bbtop_left\u00bb background_repeat=\u00bbrepeat\u00bb custom_padding=\u00bb11px|0px|27px|0px\u00bb global_colors_info=\u00bb{}\u00bb][et_pb_column type=\u00bb4_4&#8243; _builder_version=\u00bb4.16&#8243; custom_padding=\u00bb|||\u00bb global_colors_info=\u00bb{}\u00bb custom_padding__hover=\u00bb|||\u00bb][et_pb_text _builder_version=\u00bb4.27.5&#8243; text_orientation=\u00bbcenter\u00bb max_width=\u00bb80%\u00bb max_width_tablet=\u00bb\u00bb max_width_phone=\u00bb100%\u00bb max_width_last_edited=\u00bbon|phone\u00bb module_alignment=\u00bbcenter\u00bb custom_margin=\u00bb||10px|\u00bb hover_enabled=\u00bb0&#8243; global_colors_info=\u00bb{}\u00bb sticky_enabled=\u00bb0&#8243;]<\/p>\n<h2>Adobe Rent a Car<\/h2>\n<p>[\/et_pb_text][et_pb_divider show_divider=\u00bboff\u00bb _builder_version=\u00bb4.16&#8243; max_width=\u00bb8%\u00bb module_alignment=\u00bbcenter\u00bb height=\u00bb4px\u00bb custom_margin=\u00bb18px|||\u00bb custom_padding=\u00bb|||\u00bb filter_brightness=\u00bb96%\u00bb global_colors_info=\u00bb{}\u00bb][\/et_pb_divider][et_pb_text _builder_version=\u00bb4.25.1&#8243; text_font_size=\u00bb16px\u00bb header_font=\u00bb||||||||\u00bb header_2_font=\u00bb||||||||\u00bb text_orientation=\u00bbcenter\u00bb max_width=\u00bb80%\u00bb max_width_tablet=\u00bb\u00bb max_width_phone=\u00bb100%\u00bb max_width_last_edited=\u00bbon|phone\u00bb module_alignment=\u00bbcenter\u00bb global_colors_info=\u00bb{}\u00bb]<\/p>\n<p>\u00bfEst\u00e1 buscando un servicio de alquiler de coches en Costa Rica? Le recomendamos Adobe Rent a Car. Han demostrado ser una empresa de alquiler de coches fiable con oficinas en toda Costa Rica. Puede alquilar un coche nada m\u00e1s empezar su viaje al llegar al aeropuerto de San Jos\u00e9 (SJO, Juan Santamar\u00eda), al de Liberia (LIR, Daniel Oduber Quir\u00f3s) o incluso al aeropuerto nacional de Quepos (XQP, La Managua), que est\u00e1 a tan solo 25 minutos de nuestro B&amp;B en Playa Matapalo. Por supuesto, tambi\u00e9n puede recoger el coche en otra de sus muchas oficinas en Costa Rica.<\/p>\n<p>Adobe Rent a Car ofrece una gran variedad de modelos, incluyendo todoterrenos (aunque no es necesario un veh\u00edculo todoterreno para visitar Playa Matapalo). La flota es nueva, pero ante cualquier contratiempo, Adobe Rent a Car tiene 2 oficinas cerca de nuestro Bed and Breakfast en Playa Matapalo, Costa Rica: Quepos y Uvita.<\/p>\n<p><strong>Puede reservar su coche de alquiler en un minuto; use el sistema de reserva online de esta p\u00e1gina para ver las tarifas y opciones para sus fechas de viaje. La reserva se confirma inmediatamente despu\u00e9s de hacerla.<\/strong><\/p>\n<p>[\/et_pb_text][et_pb_code _builder_version=\u00bb4.27.5&#8243; _module_preset=\u00bbdefault\u00bb text_orientation=\u00bbcenter\u00bb max_width=\u00bb80%\u00bb max_width_tablet=\u00bb80%\u00bb max_width_phone=\u00bb100%\u00bb max_width_last_edited=\u00bbon|phone\u00bb module_alignment=\u00bbcenter\u00bb global_colors_info=\u00bb{}\u00bb]<iframe src=\"https:\/\/www.adobecar.com\/iframe\/?iframe_layout=1&#038;promo_code=M6730\" frameborder=\"0\" allowfullscreen style=\"height: 500px;min-height: 450px;width: 600px;\"><\/iframe>[\/et_pb_code][et_pb_text _builder_version=\u00bb4.25.1&#8243; text_font_size=\u00bb16px\u00bb header_font=\u00bb||||||||\u00bb header_2_font=\u00bb||||||||\u00bb text_orientation=\u00bbcenter\u00bb max_width=\u00bb80%\u00bb max_width_tablet=\u00bb\u00bb max_width_phone=\u00bb100%\u00bb max_width_last_edited=\u00bbon|phone\u00bb module_alignment=\u00bbcenter\u00bb global_colors_info=\u00bb{}\u00bb]La siguiente p\u00e1gina proporciona m\u00e1s <a href=\"https:\/\/bnbbythebeach.com\/es\/playa-matapalo-costa-rica\/\">informaci\u00f3n sobre Playa Matapalo, Costa Rica.<\/a>[\/et_pb_text][\/et_pb_column][\/et_pb_row][\/et_pb_section][et_pb_section fb_built=\u00bb1&#8243; _builder_version=\u00bb4.19.4&#8243; background_color=\u00bb#aacbe0&#8243; use_background_color_gradient=\u00bbon\u00bb background_color_gradient_type=\u00bbcircular\u00bb background_color_gradient_stops=\u00bb#77abd8 7%|#ededed 100%\u00bb background_color_gradient_start=\u00bb#77abd8&#8243; background_color_gradient_start_position=\u00bb7%\u00bb background_color_gradient_end=\u00bb#ededed\u00bb transform_scale=\u00bb86%|86%\u00bb width=\u00bb84%\u00bb width_tablet=\u00bb84%\u00bb width_phone=\u00bb100%\u00bb width_last_edited=\u00bbon|phone\u00bb module_alignment=\u00bbcenter\u00bb custom_padding=\u00bb6px||2px|||\u00bb border_radii=\u00bbon|44px|44px|44px|44px\u00bb box_shadow_style=\u00bbpreset1&#8243; box_shadow_vertical=\u00bb0px\u00bb box_shadow_blur=\u00bb0px\u00bb box_shadow_color=\u00bb#51abe0&#8243; box_shadow_horizontal_tablet=\u00bb\u00bb box_shadow_horizontal_phone=\u00bb\u00bb box_shadow_horizontal_last_edited=\u00bbon|desktop\u00bb global_module=\u00bb4108&#8243; saved_tabs=\u00bball\u00bb locked=\u00bboff\u00bb global_colors_info=\u00bb{}\u00bb background__hover_enabled=\u00bbon|hover\u00bb background_color_gradient_end__hover=\u00bb#231f20&#8243; background_color_gradient_start__hover=\u00bb#51abe0&#8243; background_color_gradient_type__hover=\u00bbcircular\u00bb background_color_gradient_start_position__hover=\u00bb31%\u00bb background_color_gradient_end_position__hover=\u00bb89%\u00bb transform_styles__hover_enabled=\u00bbon|hover\u00bb transform_scale__hover_enabled=\u00bbon|hover\u00bb transform_translate__hover_enabled=\u00bbon|desktop\u00bb transform_rotate__hover_enabled=\u00bbon|desktop\u00bb transform_skew__hover_enabled=\u00bbon|desktop\u00bb transform_origin__hover_enabled=\u00bbon|desktop\u00bb transform_scale__hover=\u00bb115%|115%\u00bb box_shadow_horizontal__hover_enabled=\u00bbon|hover\u00bb box_shadow_blur__hover_enabled=\u00bbon|hover\u00bb box_shadow_blur__hover=\u00bb80px\u00bb box_shadow_spread__hover_enabled=\u00bbon|hover\u00bb box_shadow_spread__hover=\u00bb80px\u00bb background_color_gradient_stops__hover=\u00bb#51abe0 31%|#231f20 89%\u00bb][et_pb_row _builder_version=\u00bb4.16&#8243; custom_padding=\u00bb||3px|||\u00bb global_colors_info=\u00bb{}\u00bb][et_pb_column type=\u00bb4_4&#8243; _builder_version=\u00bb4.16&#8243; global_colors_info=\u00bb{}\u00bb][et_pb_text _builder_version=\u00bb4.16&#8243; text_font_size=\u00bb18px\u00bb text_line_height=\u00bb1.6em\u00bb header_font_size=\u00bb36px\u00bb header_3_text_color=\u00bb#f37520&#8243; header_3_font_size=\u00bb37px\u00bb text_orientation=\u00bbcenter\u00bb width=\u00bb80%\u00bb width_tablet=\u00bb100%\u00bb width_phone=\u00bb\u00bb width_last_edited=\u00bbon|phone\u00bb module_alignment=\u00bbcenter\u00bb custom_padding=\u00bb31px||||false|false\u00bb global_colors_info=\u00bb{}\u00bb]<\/p>\n<h3>\u00a1Oferta especial!<\/h3>\n<p>&nbsp;<\/p>\n<p><span style=\"color: #231f20;\"><strong>\u00a1Reservar directamente con nosotros es m\u00e1s barato!<\/strong> Busque las ofertas especiales en nuestra p\u00e1gina de reservas. Puede reservarlos sin preocupaciones <strong>con t\u00e9rminos de cancelaci\u00f3n flexibles<\/strong>.<\/span><\/p>\n<p><span style=\"color: #ffffff; font-size: large;\">\u00a1Solo en nuestra p\u00e1gina web!<\/span><\/p>\n<p>[\/et_pb_text][et_pb_button button_url=\u00bb@ET-DC@eyJkeW5hbWljIjp0cnVlLCJjb250ZW50IjoicG9zdF9saW5rX3VybF9wYWdlIiwic2V0dGluZ3MiOnsicG9zdF9pZCI6IjIyMjUifX0=@\u00bb button_text=\u00bbNuestra P\u00e1gina de Reserva\u00bb button_alignment=\u00bbcenter\u00bb module_id=\u00bbcta_button_to_beds24&#8243; _builder_version=\u00bb4.16&#8243; _dynamic_attributes=\u00bbbutton_url\u00bb background_layout=\u00bbdark\u00bb global_colors_info=\u00bb{}\u00bb][\/et_pb_button][et_pb_text _builder_version=\u00bb4.27.5&#8243; text_font_size=\u00bb18px\u00bb header_font_size=\u00bb36px\u00bb header_3_font_size=\u00bb30px\u00bb custom_padding=\u00bb0px||||false|false\u00bb global_colors_info=\u00bb{}\u00bb]<\/p>\n<h3 style=\"text-align: center;\"><span style=\"color: rgba(35, 31, 32, 0.86); font-size: 18px; font-family: 'Maven Pro', Helvetica, Arial, Lucida, sans-serif;\">Estamos orgullosos de ser el B&amp;B\/hotel mejor valorado de Playa Matapalo<\/span><\/h3>\n<p style=\"text-align: center;\"><span style=\"font-size: medium;\"><strong style=\"color: #666666; font-family: 'Maven Pro', Helvetica, Arial, Lucida, sans-serif;\"><span style=\"color: #f37520;\">9.7 puntos Booking.com | <\/span><\/strong><strong style=\"color: #666666; font-family: 'Maven Pro', Helvetica, Arial, Lucida, sans-serif;\"><span style=\"color: #f37520;\">5 estrellas TripAdvisor | <\/span><\/strong><strong style=\"color: #666666; font-family: 'Maven Pro', Helvetica, Arial, Lucida, sans-serif;\"><span style=\"color: #f37520;\">5 estrellas Google<\/span><\/strong><\/span><\/p>\n<p style=\"text-align: center;\">[\/et_pb_text][\/et_pb_column][\/et_pb_row][\/et_pb_section][et_pb_section fb_built=\u00bb1&#8243; _builder_version=\u00bb4.16&#8243; _module_preset=\u00bbdefault\u00bb global_colors_info=\u00bb{}\u00bb][et_pb_row _builder_version=\u00bb4.16&#8243; _module_preset=\u00bbdefault\u00bb global_colors_info=\u00bb{}\u00bb][et_pb_column type=\u00bb4_4&#8243; _builder_version=\u00bb4.16&#8243; _module_preset=\u00bbdefault\u00bb global_colors_info=\u00bb{}\u00bb][\/et_pb_column][\/et_pb_row][\/et_pb_section]<\/p>\n","protected":false},"excerpt":{"rendered":"<p>Adobe Rent a Car\u00bfEst\u00e1 buscando un servicio de alquiler de coches en Costa Rica? Le recomendamos Adobe Rent a Car. Han demostrado ser una empresa de alquiler de coches fiable con oficinas en toda Costa Rica. Puede alquilar un coche nada m\u00e1s empezar su viaje al llegar al aeropuerto de San Jos\u00e9 (SJO, Juan Santamar\u00eda), [&hellip;]<\/p>\n","protected":false},"author":1,"featured_media":0,"parent":4215,"menu_order":0,"comment_status":"closed","ping_status":"closed","template":"","meta":{"_et_pb_use_builder":"on","_et_pb_old_content":"","_et_gb_content_width":"","footnotes":""},"class_list":["post-4220","page","type-page","status-publish","hentry"],"yoast_head":"<!-- This site is optimized with the Yoast SEO plugin v27.4 - https:\/\/yoast.com\/product\/yoast-seo-wordpress\/ -->\n<title>Alquiler de Coches en Playa Matapalo, Costa Rica<\/title>\n<meta name=\"description\" content=\"Nuestro socio preferido es confiable, ofrece buenas tarifas y tiene muchas ubicaciones en Costa Rica; Tambi\u00e9n 2 en nuestra \u00e1rea. Verifique las tarifas y reserve en l\u00ednea de inmediato.\" \/>\n<meta name=\"robots\" content=\"index, follow, max-snippet:-1, max-image-preview:large, max-video-preview:-1\" \/>\n<link rel=\"canonical\" href=\"https:\/\/bnbbythebeach.com\/es\/playa-matapalo-costa-rica\/alquiler-coches\/\" \/>\n<meta property=\"og:locale\" content=\"es_ES\" \/>\n<meta property=\"og:type\" content=\"article\" \/>\n<meta property=\"og:title\" content=\"Alquiler de Coches en Playa Matapalo, Costa Rica\" \/>\n<meta property=\"og:description\" content=\"Nuestro socio preferido es confiable, ofrece buenas tarifas y tiene muchas ubicaciones en Costa Rica; Tambi\u00e9n 2 en nuestra \u00e1rea. Verifique las tarifas y reserve en l\u00ednea de inmediato.\" \/>\n<meta property=\"og:url\" content=\"https:\/\/bnbbythebeach.com\/es\/playa-matapalo-costa-rica\/alquiler-coches\/\" \/>\n<meta property=\"og:site_name\" content=\"Costa Rica Bed and Breakfast | B&amp;B Jard\u00edn de los Monos, Playa Matapalo\" \/>\n<meta property=\"article:publisher\" content=\"https:\/\/www.facebook.com\/BnBbytheBeach\/\" \/>\n<meta property=\"article:modified_time\" content=\"2026-02-26T16:00:48+00:00\" \/>\n<meta name=\"twitter:card\" content=\"summary_large_image\" \/>\n<meta name=\"twitter:site\" content=\"@JardinMonos\" \/>\n<meta name=\"twitter:label1\" content=\"Tiempo de lectura\" \/>\n\t<meta name=\"twitter:data1\" content=\"2 minutos\" \/>\n<script type=\"application\/ld+json\" class=\"yoast-schema-graph\">{\"@context\":\"https:\\\/\\\/schema.org\",\"@graph\":[{\"@type\":\"WebPage\",\"@id\":\"https:\\\/\\\/bnbbythebeach.com\\\/es\\\/playa-matapalo-costa-rica\\\/alquiler-coches\\\/\",\"url\":\"https:\\\/\\\/bnbbythebeach.com\\\/es\\\/playa-matapalo-costa-rica\\\/alquiler-coches\\\/\",\"name\":\"Alquiler de Coches en Playa Matapalo, Costa Rica\",\"isPartOf\":{\"@id\":\"https:\\\/\\\/bnbbythebeach.com\\\/es\\\/#website\"},\"datePublished\":\"2020-07-13T18:13:22+00:00\",\"dateModified\":\"2026-02-26T16:00:48+00:00\",\"description\":\"Nuestro socio preferido es confiable, ofrece buenas tarifas y tiene muchas ubicaciones en Costa Rica; Tambi\u00e9n 2 en nuestra \u00e1rea. Verifique las tarifas y reserve en l\u00ednea de inmediato.\",\"breadcrumb\":{\"@id\":\"https:\\\/\\\/bnbbythebeach.com\\\/es\\\/playa-matapalo-costa-rica\\\/alquiler-coches\\\/#breadcrumb\"},\"inLanguage\":\"es\",\"potentialAction\":[{\"@type\":\"ReadAction\",\"target\":[\"https:\\\/\\\/bnbbythebeach.com\\\/es\\\/playa-matapalo-costa-rica\\\/alquiler-coches\\\/\"]}]},{\"@type\":\"BreadcrumbList\",\"@id\":\"https:\\\/\\\/bnbbythebeach.com\\\/es\\\/playa-matapalo-costa-rica\\\/alquiler-coches\\\/#breadcrumb\",\"itemListElement\":[{\"@type\":\"ListItem\",\"position\":1,\"name\":\"Home\",\"item\":\"https:\\\/\\\/bnbbythebeach.com\\\/es\\\/\"},{\"@type\":\"ListItem\",\"position\":2,\"name\":\"El tesoro escondido de Playa Matapalo Costa Rica\",\"item\":\"https:\\\/\\\/bnbbythebeach.com\\\/es\\\/playa-matapalo-costa-rica\\\/\"},{\"@type\":\"ListItem\",\"position\":3,\"name\":\"Alquiler de Coches en Playa Matapalo, Costa Rica\"}]},{\"@type\":\"WebSite\",\"@id\":\"https:\\\/\\\/bnbbythebeach.com\\\/es\\\/#website\",\"url\":\"https:\\\/\\\/bnbbythebeach.com\\\/es\\\/\",\"name\":\"Costa Rica Bed and Breakfast | B&amp;B Jard\u00edn de los Monos, Playa Matapalo\",\"description\":\"Recharge in serene nature at an unspoiled beach\",\"publisher\":{\"@id\":\"https:\\\/\\\/bnbbythebeach.com\\\/es\\\/#organization\"},\"potentialAction\":[{\"@type\":\"SearchAction\",\"target\":{\"@type\":\"EntryPoint\",\"urlTemplate\":\"https:\\\/\\\/bnbbythebeach.com\\\/es\\\/?s={search_term_string}\"},\"query-input\":{\"@type\":\"PropertyValueSpecification\",\"valueRequired\":true,\"valueName\":\"search_term_string\"}}],\"inLanguage\":\"es\"},{\"@type\":\"Organization\",\"@id\":\"https:\\\/\\\/bnbbythebeach.com\\\/es\\\/#organization\",\"name\":\"B&B Jard\u00edn de los Monos\",\"url\":\"https:\\\/\\\/bnbbythebeach.com\\\/es\\\/\",\"logo\":{\"@type\":\"ImageObject\",\"inLanguage\":\"es\",\"@id\":\"https:\\\/\\\/bnbbythebeach.com\\\/es\\\/#\\\/schema\\\/logo\\\/image\\\/\",\"url\":\"https:\\\/\\\/bnbbythebeach.com\\\/jdlm\\\/wp-content\\\/uploads\\\/2018\\\/04\\\/JdlM.png\",\"contentUrl\":\"https:\\\/\\\/bnbbythebeach.com\\\/jdlm\\\/wp-content\\\/uploads\\\/2018\\\/04\\\/JdlM.png\",\"width\":581,\"height\":548,\"caption\":\"B&B Jard\u00edn de los Monos\"},\"image\":{\"@id\":\"https:\\\/\\\/bnbbythebeach.com\\\/es\\\/#\\\/schema\\\/logo\\\/image\\\/\"},\"sameAs\":[\"https:\\\/\\\/www.facebook.com\\\/BnBbytheBeach\\\/\",\"https:\\\/\\\/x.com\\\/JardinMonos\",\"https:\\\/\\\/www.instagram.com\\\/jardindelosmonos\",\"https:\\\/\\\/www.youtube.com\\\/channel\\\/UCceXfHklvm7JkKrtpow0ryA\"]}]}<\/script>\n<!-- \/ Yoast SEO plugin. -->","yoast_head_json":{"title":"Alquiler de Coches en Playa Matapalo, Costa Rica","description":"Nuestro socio preferido es confiable, ofrece buenas tarifas y tiene muchas ubicaciones en Costa Rica; Tambi\u00e9n 2 en nuestra \u00e1rea. Verifique las tarifas y reserve en l\u00ednea de inmediato.","robots":{"index":"index","follow":"follow","max-snippet":"max-snippet:-1","max-image-preview":"max-image-preview:large","max-video-preview":"max-video-preview:-1"},"canonical":"https:\/\/bnbbythebeach.com\/es\/playa-matapalo-costa-rica\/alquiler-coches\/","og_locale":"es_ES","og_type":"article","og_title":"Alquiler de Coches en Playa Matapalo, Costa Rica","og_description":"Nuestro socio preferido es confiable, ofrece buenas tarifas y tiene muchas ubicaciones en Costa Rica; Tambi\u00e9n 2 en nuestra \u00e1rea. Verifique las tarifas y reserve en l\u00ednea de inmediato.","og_url":"https:\/\/bnbbythebeach.com\/es\/playa-matapalo-costa-rica\/alquiler-coches\/","og_site_name":"Costa Rica Bed and Breakfast | B&amp;B Jard\u00edn de los Monos, Playa Matapalo","article_publisher":"https:\/\/www.facebook.com\/BnBbytheBeach\/","article_modified_time":"2026-02-26T16:00:48+00:00","twitter_card":"summary_large_image","twitter_site":"@JardinMonos","twitter_misc":{"Tiempo de lectura":"2 minutos"},"schema":{"@context":"https:\/\/schema.org","@graph":[{"@type":"WebPage","@id":"https:\/\/bnbbythebeach.com\/es\/playa-matapalo-costa-rica\/alquiler-coches\/","url":"https:\/\/bnbbythebeach.com\/es\/playa-matapalo-costa-rica\/alquiler-coches\/","name":"Alquiler de Coches en Playa Matapalo, Costa Rica","isPartOf":{"@id":"https:\/\/bnbbythebeach.com\/es\/#website"},"datePublished":"2020-07-13T18:13:22+00:00","dateModified":"2026-02-26T16:00:48+00:00","description":"Nuestro socio preferido es confiable, ofrece buenas tarifas y tiene muchas ubicaciones en Costa Rica; Tambi\u00e9n 2 en nuestra \u00e1rea. Verifique las tarifas y reserve en l\u00ednea de inmediato.","breadcrumb":{"@id":"https:\/\/bnbbythebeach.com\/es\/playa-matapalo-costa-rica\/alquiler-coches\/#breadcrumb"},"inLanguage":"es","potentialAction":[{"@type":"ReadAction","target":["https:\/\/bnbbythebeach.com\/es\/playa-matapalo-costa-rica\/alquiler-coches\/"]}]},{"@type":"BreadcrumbList","@id":"https:\/\/bnbbythebeach.com\/es\/playa-matapalo-costa-rica\/alquiler-coches\/#breadcrumb","itemListElement":[{"@type":"ListItem","position":1,"name":"Home","item":"https:\/\/bnbbythebeach.com\/es\/"},{"@type":"ListItem","position":2,"name":"El tesoro escondido de Playa Matapalo Costa Rica","item":"https:\/\/bnbbythebeach.com\/es\/playa-matapalo-costa-rica\/"},{"@type":"ListItem","position":3,"name":"Alquiler de Coches en Playa Matapalo, Costa Rica"}]},{"@type":"WebSite","@id":"https:\/\/bnbbythebeach.com\/es\/#website","url":"https:\/\/bnbbythebeach.com\/es\/","name":"Costa Rica Bed and Breakfast | B&amp;B Jard\u00edn de los Monos, Playa Matapalo","description":"Recharge in serene nature at an unspoiled beach","publisher":{"@id":"https:\/\/bnbbythebeach.com\/es\/#organization"},"potentialAction":[{"@type":"SearchAction","target":{"@type":"EntryPoint","urlTemplate":"https:\/\/bnbbythebeach.com\/es\/?s={search_term_string}"},"query-input":{"@type":"PropertyValueSpecification","valueRequired":true,"valueName":"search_term_string"}}],"inLanguage":"es"},{"@type":"Organization","@id":"https:\/\/bnbbythebeach.com\/es\/#organization","name":"B&B Jard\u00edn de los Monos","url":"https:\/\/bnbbythebeach.com\/es\/","logo":{"@type":"ImageObject","inLanguage":"es","@id":"https:\/\/bnbbythebeach.com\/es\/#\/schema\/logo\/image\/","url":"https:\/\/bnbbythebeach.com\/jdlm\/wp-content\/uploads\/2018\/04\/JdlM.png","contentUrl":"https:\/\/bnbbythebeach.com\/jdlm\/wp-content\/uploads\/2018\/04\/JdlM.png","width":581,"height":548,"caption":"B&B Jard\u00edn de los Monos"},"image":{"@id":"https:\/\/bnbbythebeach.com\/es\/#\/schema\/logo\/image\/"},"sameAs":["https:\/\/www.facebook.com\/BnBbytheBeach\/","https:\/\/x.com\/JardinMonos","https:\/\/www.instagram.com\/jardindelosmonos","https:\/\/www.youtube.com\/channel\/UCceXfHklvm7JkKrtpow0ryA"]}]}},"_links":{"self":[{"href":"https:\/\/bnbbythebeach.com\/es\/wp-json\/wp\/v2\/pages\/4220","targetHints":{"allow":["GET"]}}],"collection":[{"href":"https:\/\/bnbbythebeach.com\/es\/wp-json\/wp\/v2\/pages"}],"about":[{"href":"https:\/\/bnbbythebeach.com\/es\/wp-json\/wp\/v2\/types\/page"}],"author":[{"embeddable":true,"href":"https:\/\/bnbbythebeach.com\/es\/wp-json\/wp\/v2\/users\/1"}],"replies":[{"embeddable":true,"href":"https:\/\/bnbbythebeach.com\/es\/wp-json\/wp\/v2\/comments?post=4220"}],"version-history":[{"count":10,"href":"https:\/\/bnbbythebeach.com\/es\/wp-json\/wp\/v2\/pages\/4220\/revisions"}],"predecessor-version":[{"id":9378,"href":"https:\/\/bnbbythebeach.com\/es\/wp-json\/wp\/v2\/pages\/4220\/revisions\/9378"}],"up":[{"embeddable":true,"href":"https:\/\/bnbbythebeach.com\/es\/wp-json\/wp\/v2\/pages\/4215"}],"wp:attachment":[{"href":"https:\/\/bnbbythebeach.com\/es\/wp-json\/wp\/v2\/media?parent=4220"}],"curies":[{"name":"wp","href":"https:\/\/api.w.org\/{rel}","templated":true}]}}