{"id":4629,"date":"2020-07-15T11:21:39","date_gmt":"2020-07-15T17:21:39","guid":{"rendered":"https:\/\/bnbbythebeach.com\/?page_id=4629"},"modified":"2023-02-11T08:02:36","modified_gmt":"2023-02-11T14:02:36","slug":"reservez","status":"publish","type":"page","link":"https:\/\/bnbbythebeach.com\/fr\/jardin-de-los-monos-chambre-dhotes-costa-rica\/chambres-tarifs-reservation\/reservez\/","title":{"rendered":"R\u00e9servez B&#038;B Jardin de los Monos, Playa Matapalo, Costa Rica"},"content":{"rendered":"<p>[et_pb_section fb_built=\u00a0\u00bb1&Prime; _builder_version=\u00a0\u00bb4.19.5&Prime; _module_preset=\u00a0\u00bbdefault\u00a0\u00bb custom_padding=\u00a0\u00bb20px||0px||false|false\u00a0\u00bb hover_enabled=\u00a0\u00bb0&Prime; global_colors_info=\u00a0\u00bb{}\u00a0\u00bb sticky_enabled=\u00a0\u00bb0&Prime;][et_pb_row custom_padding_last_edited=\u00a0\u00bbon|phone\u00a0\u00bb _builder_version=\u00a0\u00bb4.16&Prime; _module_preset=\u00a0\u00bbdefault\u00a0\u00bb width_tablet=\u00a0\u00bb\u00a0\u00bb width_phone=\u00a0\u00bb\u00a0\u00bb width_last_edited=\u00a0\u00bbon|phone\u00a0\u00bb max_width=\u00a0\u00bb900px\u00a0\u00bb custom_margin=\u00a0\u00bb||||false|true\u00a0\u00bb custom_margin_tablet=\u00a0\u00bb\u00a0\u00bb custom_margin_phone=\u00a0\u00bb|0px||0px|false|true\u00a0\u00bb custom_margin_last_edited=\u00a0\u00bbon|phone\u00a0\u00bb custom_padding_tablet=\u00a0\u00bb\u00a0\u00bb custom_padding_phone=\u00a0\u00bb|0px||0px|false|true\u00a0\u00bb module_alignment_tablet=\u00a0\u00bb\u00a0\u00bb module_alignment_phone=\u00a0\u00bbcenter\u00a0\u00bb module_alignment_last_edited=\u00a0\u00bbon|phone\u00a0\u00bb global_colors_info=\u00a0\u00bb{}\u00a0\u00bb][et_pb_column type=\u00a0\u00bb4_4&Prime; _builder_version=\u00a0\u00bb4.16&Prime; _module_preset=\u00a0\u00bbdefault\u00a0\u00bb global_colors_info=\u00a0\u00bb{}\u00a0\u00bb][et_pb_text content_tablet=\u00a0\u00bb<\/p>\n<h1>R\u00e9servez B&#038;B Jard\u00edn de los Monos<\/h1>\n<p>\u00a0\u00bb content_phone=\u00a0\u00bb<\/p>\n<h1>R\u00e9servez <br \/>B&#038;B Jard\u00edn de los Monos<\/h1>\n<p>\u00a0\u00bb content_last_edited=\u00a0\u00bbon|phone\u00a0\u00bb _builder_version=\u00a0\u00bb4.16&Prime; _module_preset=\u00a0\u00bb1732ef18-890c-4d63-80e5-8467d6003546&Prime; custom_padding=\u00a0\u00bb||0px|10px|false|false\u00a0\u00bb global_colors_info=\u00a0\u00bb{}\u00a0\u00bb]<\/p>\n<h1>R\u00e9servez B&amp;B Jard\u00edn de los Monos<\/h1>\n<p>[\/et_pb_text][\/et_pb_column][\/et_pb_row][\/et_pb_section][et_pb_section fb_built=\u00a0\u00bb1&Prime; fullwidth=\u00a0\u00bbon\u00a0\u00bb _builder_version=\u00a0\u00bb4.16&Prime; background_color=\u00a0\u00bb#ffffff\u00a0\u00bb custom_padding=\u00a0\u00bb27px|0px|0px|0px|false|false\u00a0\u00bb global_colors_info=\u00a0\u00bb{}\u00a0\u00bb][et_pb_fullwidth_code admin_label=\u00a0\u00bbCode with overload\u00a0\u00bb _builder_version=\u00a0\u00bb4.16&Prime; text_orientation=\u00a0\u00bbcenter\u00a0\u00bb max_width=\u00a0\u00bb900px\u00a0\u00bb module_alignment=\u00a0\u00bbcenter\u00a0\u00bb custom_margin=\u00a0\u00bb-32px|||||\u00a0\u00bb custom_padding=\u00a0\u00bb0px|||||\u00a0\u00bb locked=\u00a0\u00bboff\u00a0\u00bb global_colors_info=\u00a0\u00bb{}\u00a0\u00bb]<iframe loading=\"lazy\" onload=\"window.parent.parent.scrollTo(0,0)\" style=\"max-width: 100%; border: none; overflow: auto;\" src=\"https:\/\/www.beds24.com\/booking2.php?propid=15728&#038;layout=1&#038;advancedays=-1&#038;referer=website+bnbbythebeach.com&#038;lang=fr&#038;numnight=2&#038;numadult=2\" height=\"9000\" width=\"1980\"><\/iframe>[\/et_pb_fullwidth_code][\/et_pb_section]<\/p>\n","protected":false},"excerpt":{"rendered":"<p>R\u00e9servez B&amp;B Jard\u00edn de los Monos<\/p>\n","protected":false},"author":1,"featured_media":0,"parent":4623,"menu_order":0,"comment_status":"closed","ping_status":"closed","template":"","meta":{"_et_pb_use_builder":"on","_et_pb_old_content":"[et_pb_section fb_built=\"1\" fullwidth=\"on\" _builder_version=\"3.22.3\" background_color=\"rgba(81,171,224,0.14)\" custom_padding=\"27px|0px|0px|0px|false|false\"][et_pb_fullwidth_code admin_label=\"Code with overload\" _builder_version=\"4.5.1\" text_orientation=\"center\" custom_margin=\"-32px|||||\" custom_padding=\"0px|||||\" hover_enabled=\"0\" locked=\"off\"]<iframe onload=\"window.parent.parent.scrollTo(0,0)\" style=\"max-width: 100%; border: none; overflow: auto;\" src=\"https:\/\/www.beds24.com\/booking2.php?propid=15728&referer=website+bnbbythebeach.com&lang=en&numnight=2&numadult=2\" height=\"7000\" width=\"1980\"><\/iframe>[\/et_pb_fullwidth_code][\/et_pb_section]","_et_gb_content_width":"","footnotes":""},"class_list":["post-4629","page","type-page","status-publish","hentry"],"yoast_head":"<!-- This site is optimized with the Yoast SEO plugin v27.4 - https:\/\/yoast.com\/product\/yoast-seo-wordpress\/ -->\n<title>R\u00e9servez directement! B&amp;B Jard\u00edn de los Monos, Playa Matapalo, CR<\/title>\n<meta name=\"description\" content=\"Ceci est notre page de r\u00e9servation officielle; il vous donne le taux le plus bas que vous trouverez. C&#039;est facile, s\u00fbr et confirm\u00e9 tout de suite!\" \/>\n<meta name=\"robots\" content=\"index, follow, max-snippet:-1, max-image-preview:large, max-video-preview:-1\" \/>\n<link rel=\"canonical\" href=\"https:\/\/bnbbythebeach.com\/fr\/jardin-de-los-monos-chambre-dhotes-costa-rica\/chambres-tarifs-reservation\/reservez\/\" \/>\n<meta property=\"og:locale\" content=\"fr_FR\" \/>\n<meta property=\"og:type\" content=\"article\" \/>\n<meta property=\"og:title\" content=\"R\u00e9servez directement! B&amp;B Jard\u00edn de los Monos, Playa Matapalo, CR\" \/>\n<meta property=\"og:description\" content=\"Ceci est notre page de r\u00e9servation officielle; il vous donne le taux le plus bas que vous trouverez. C&#039;est facile, s\u00fbr et confirm\u00e9 tout de suite!\" \/>\n<meta property=\"og:url\" content=\"https:\/\/bnbbythebeach.com\/fr\/jardin-de-los-monos-chambre-dhotes-costa-rica\/chambres-tarifs-reservation\/reservez\/\" \/>\n<meta property=\"og:site_name\" content=\"Costa Rica Bed and Breakfast | B&amp;B Jard\u00edn de los Monos, Playa Matapalo\" \/>\n<meta property=\"article:publisher\" content=\"https:\/\/www.facebook.com\/BnBbytheBeach\/\" \/>\n<meta property=\"article:modified_time\" content=\"2023-02-11T14:02:36+00:00\" \/>\n<meta name=\"twitter:card\" content=\"summary_large_image\" \/>\n<meta name=\"twitter:site\" content=\"@JardinMonos\" \/>\n<meta name=\"twitter:label1\" content=\"Dur\u00e9e de lecture estim\u00e9e\" \/>\n\t<meta name=\"twitter:data1\" content=\"1 minute\" \/>\n<script type=\"application\/ld+json\" class=\"yoast-schema-graph\">{\"@context\":\"https:\\\/\\\/schema.org\",\"@graph\":[{\"@type\":\"WebPage\",\"@id\":\"https:\\\/\\\/bnbbythebeach.com\\\/fr\\\/jardin-de-los-monos-chambre-dhotes-costa-rica\\\/chambres-tarifs-reservation\\\/reservez\\\/\",\"url\":\"https:\\\/\\\/bnbbythebeach.com\\\/fr\\\/jardin-de-los-monos-chambre-dhotes-costa-rica\\\/chambres-tarifs-reservation\\\/reservez\\\/\",\"name\":\"R\u00e9servez directement! B&B Jard\u00edn de los Monos, Playa Matapalo, CR\",\"isPartOf\":{\"@id\":\"https:\\\/\\\/bnbbythebeach.com\\\/fr\\\/#website\"},\"datePublished\":\"2020-07-15T17:21:39+00:00\",\"dateModified\":\"2023-02-11T14:02:36+00:00\",\"description\":\"Ceci est notre page de r\u00e9servation officielle; il vous donne le taux le plus bas que vous trouverez. C'est facile, s\u00fbr et confirm\u00e9 tout de suite!\",\"breadcrumb\":{\"@id\":\"https:\\\/\\\/bnbbythebeach.com\\\/fr\\\/jardin-de-los-monos-chambre-dhotes-costa-rica\\\/chambres-tarifs-reservation\\\/reservez\\\/#breadcrumb\"},\"inLanguage\":\"fr-FR\",\"potentialAction\":[{\"@type\":\"ReadAction\",\"target\":[\"https:\\\/\\\/bnbbythebeach.com\\\/fr\\\/jardin-de-los-monos-chambre-dhotes-costa-rica\\\/chambres-tarifs-reservation\\\/reservez\\\/\"]}]},{\"@type\":\"BreadcrumbList\",\"@id\":\"https:\\\/\\\/bnbbythebeach.com\\\/fr\\\/jardin-de-los-monos-chambre-dhotes-costa-rica\\\/chambres-tarifs-reservation\\\/reservez\\\/#breadcrumb\",\"itemListElement\":[{\"@type\":\"ListItem\",\"position\":1,\"name\":\"Home\",\"item\":\"https:\\\/\\\/bnbbythebeach.com\\\/fr\\\/\"},{\"@type\":\"ListItem\",\"position\":2,\"name\":\"\u00c0 propos de B&#038;B Jard\u00ed\u00adn de los Monos, Playa Matapalo | Chambre d&#8217;h\u00f4tes \u00e0 Costa Rica\",\"item\":\"https:\\\/\\\/bnbbythebeach.com\\\/fr\\\/jardin-de-los-monos-bed-and-breakfast-costa-rica\\\/\"},{\"@type\":\"ListItem\",\"position\":3,\"name\":\"Chambres \u2022 Tarifs \u2022 R\u00e9servation | Jard\u00edn de los Monos, Plage de Matapalo, Costa Rica\",\"item\":\"https:\\\/\\\/bnbbythebeach.com\\\/fr\\\/jardin-de-los-monos-bed-and-breakfast-costa-rica\\\/rooms-rates-booking\\\/\"},{\"@type\":\"ListItem\",\"position\":4,\"name\":\"R\u00e9servez B&#038;B Jardin de los Monos, Playa Matapalo, Costa Rica\"}]},{\"@type\":\"WebSite\",\"@id\":\"https:\\\/\\\/bnbbythebeach.com\\\/fr\\\/#website\",\"url\":\"https:\\\/\\\/bnbbythebeach.com\\\/fr\\\/\",\"name\":\"Costa Rica Bed and Breakfast | B&amp;B Jard\u00edn de los Monos, Playa Matapalo\",\"description\":\"Recharge in serene nature at an unspoiled beach\",\"publisher\":{\"@id\":\"https:\\\/\\\/bnbbythebeach.com\\\/fr\\\/#organization\"},\"potentialAction\":[{\"@type\":\"SearchAction\",\"target\":{\"@type\":\"EntryPoint\",\"urlTemplate\":\"https:\\\/\\\/bnbbythebeach.com\\\/fr\\\/?s={search_term_string}\"},\"query-input\":{\"@type\":\"PropertyValueSpecification\",\"valueRequired\":true,\"valueName\":\"search_term_string\"}}],\"inLanguage\":\"fr-FR\"},{\"@type\":\"Organization\",\"@id\":\"https:\\\/\\\/bnbbythebeach.com\\\/fr\\\/#organization\",\"name\":\"B&B Jard\u00edn de los Monos\",\"url\":\"https:\\\/\\\/bnbbythebeach.com\\\/fr\\\/\",\"logo\":{\"@type\":\"ImageObject\",\"inLanguage\":\"fr-FR\",\"@id\":\"https:\\\/\\\/bnbbythebeach.com\\\/fr\\\/#\\\/schema\\\/logo\\\/image\\\/\",\"url\":\"https:\\\/\\\/bnbbythebeach.com\\\/jdlm\\\/wp-content\\\/uploads\\\/2018\\\/04\\\/JdlM.png\",\"contentUrl\":\"https:\\\/\\\/bnbbythebeach.com\\\/jdlm\\\/wp-content\\\/uploads\\\/2018\\\/04\\\/JdlM.png\",\"width\":581,\"height\":548,\"caption\":\"B&B Jard\u00edn de los Monos\"},\"image\":{\"@id\":\"https:\\\/\\\/bnbbythebeach.com\\\/fr\\\/#\\\/schema\\\/logo\\\/image\\\/\"},\"sameAs\":[\"https:\\\/\\\/www.facebook.com\\\/BnBbytheBeach\\\/\",\"https:\\\/\\\/x.com\\\/JardinMonos\",\"https:\\\/\\\/www.instagram.com\\\/jardindelosmonos\",\"https:\\\/\\\/www.youtube.com\\\/channel\\\/UCceXfHklvm7JkKrtpow0ryA\"]}]}<\/script>\n<!-- \/ Yoast SEO plugin. -->","yoast_head_json":{"title":"R\u00e9servez directement! B&B Jard\u00edn de los Monos, Playa Matapalo, CR","description":"Ceci est notre page de r\u00e9servation officielle; il vous donne le taux le plus bas que vous trouverez. C'est facile, s\u00fbr et confirm\u00e9 tout de suite!","robots":{"index":"index","follow":"follow","max-snippet":"max-snippet:-1","max-image-preview":"max-image-preview:large","max-video-preview":"max-video-preview:-1"},"canonical":"https:\/\/bnbbythebeach.com\/fr\/jardin-de-los-monos-chambre-dhotes-costa-rica\/chambres-tarifs-reservation\/reservez\/","og_locale":"fr_FR","og_type":"article","og_title":"R\u00e9servez directement! B&B Jard\u00edn de los Monos, Playa Matapalo, CR","og_description":"Ceci est notre page de r\u00e9servation officielle; il vous donne le taux le plus bas que vous trouverez. C'est facile, s\u00fbr et confirm\u00e9 tout de suite!","og_url":"https:\/\/bnbbythebeach.com\/fr\/jardin-de-los-monos-chambre-dhotes-costa-rica\/chambres-tarifs-reservation\/reservez\/","og_site_name":"Costa Rica Bed and Breakfast | B&amp;B Jard\u00edn de los Monos, Playa Matapalo","article_publisher":"https:\/\/www.facebook.com\/BnBbytheBeach\/","article_modified_time":"2023-02-11T14:02:36+00:00","twitter_card":"summary_large_image","twitter_site":"@JardinMonos","twitter_misc":{"Dur\u00e9e de lecture estim\u00e9e":"1 minute"},"schema":{"@context":"https:\/\/schema.org","@graph":[{"@type":"WebPage","@id":"https:\/\/bnbbythebeach.com\/fr\/jardin-de-los-monos-chambre-dhotes-costa-rica\/chambres-tarifs-reservation\/reservez\/","url":"https:\/\/bnbbythebeach.com\/fr\/jardin-de-los-monos-chambre-dhotes-costa-rica\/chambres-tarifs-reservation\/reservez\/","name":"R\u00e9servez directement! B&B Jard\u00edn de los Monos, Playa Matapalo, CR","isPartOf":{"@id":"https:\/\/bnbbythebeach.com\/fr\/#website"},"datePublished":"2020-07-15T17:21:39+00:00","dateModified":"2023-02-11T14:02:36+00:00","description":"Ceci est notre page de r\u00e9servation officielle; il vous donne le taux le plus bas que vous trouverez. C'est facile, s\u00fbr et confirm\u00e9 tout de suite!","breadcrumb":{"@id":"https:\/\/bnbbythebeach.com\/fr\/jardin-de-los-monos-chambre-dhotes-costa-rica\/chambres-tarifs-reservation\/reservez\/#breadcrumb"},"inLanguage":"fr-FR","potentialAction":[{"@type":"ReadAction","target":["https:\/\/bnbbythebeach.com\/fr\/jardin-de-los-monos-chambre-dhotes-costa-rica\/chambres-tarifs-reservation\/reservez\/"]}]},{"@type":"BreadcrumbList","@id":"https:\/\/bnbbythebeach.com\/fr\/jardin-de-los-monos-chambre-dhotes-costa-rica\/chambres-tarifs-reservation\/reservez\/#breadcrumb","itemListElement":[{"@type":"ListItem","position":1,"name":"Home","item":"https:\/\/bnbbythebeach.com\/fr\/"},{"@type":"ListItem","position":2,"name":"\u00c0 propos de B&#038;B Jard\u00ed\u00adn de los Monos, Playa Matapalo | Chambre d&#8217;h\u00f4tes \u00e0 Costa Rica","item":"https:\/\/bnbbythebeach.com\/fr\/jardin-de-los-monos-bed-and-breakfast-costa-rica\/"},{"@type":"ListItem","position":3,"name":"Chambres \u2022 Tarifs \u2022 R\u00e9servation | Jard\u00edn de los Monos, Plage de Matapalo, Costa Rica","item":"https:\/\/bnbbythebeach.com\/fr\/jardin-de-los-monos-bed-and-breakfast-costa-rica\/rooms-rates-booking\/"},{"@type":"ListItem","position":4,"name":"R\u00e9servez B&#038;B Jardin de los Monos, Playa Matapalo, Costa Rica"}]},{"@type":"WebSite","@id":"https:\/\/bnbbythebeach.com\/fr\/#website","url":"https:\/\/bnbbythebeach.com\/fr\/","name":"Costa Rica Bed and Breakfast | B&amp;B Jard\u00edn de los Monos, Playa Matapalo","description":"Recharge in serene nature at an unspoiled beach","publisher":{"@id":"https:\/\/bnbbythebeach.com\/fr\/#organization"},"potentialAction":[{"@type":"SearchAction","target":{"@type":"EntryPoint","urlTemplate":"https:\/\/bnbbythebeach.com\/fr\/?s={search_term_string}"},"query-input":{"@type":"PropertyValueSpecification","valueRequired":true,"valueName":"search_term_string"}}],"inLanguage":"fr-FR"},{"@type":"Organization","@id":"https:\/\/bnbbythebeach.com\/fr\/#organization","name":"B&B Jard\u00edn de los Monos","url":"https:\/\/bnbbythebeach.com\/fr\/","logo":{"@type":"ImageObject","inLanguage":"fr-FR","@id":"https:\/\/bnbbythebeach.com\/fr\/#\/schema\/logo\/image\/","url":"https:\/\/bnbbythebeach.com\/jdlm\/wp-content\/uploads\/2018\/04\/JdlM.png","contentUrl":"https:\/\/bnbbythebeach.com\/jdlm\/wp-content\/uploads\/2018\/04\/JdlM.png","width":581,"height":548,"caption":"B&B Jard\u00edn de los Monos"},"image":{"@id":"https:\/\/bnbbythebeach.com\/fr\/#\/schema\/logo\/image\/"},"sameAs":["https:\/\/www.facebook.com\/BnBbytheBeach\/","https:\/\/x.com\/JardinMonos","https:\/\/www.instagram.com\/jardindelosmonos","https:\/\/www.youtube.com\/channel\/UCceXfHklvm7JkKrtpow0ryA"]}]}},"_links":{"self":[{"href":"https:\/\/bnbbythebeach.com\/fr\/wp-json\/wp\/v2\/pages\/4629","targetHints":{"allow":["GET"]}}],"collection":[{"href":"https:\/\/bnbbythebeach.com\/fr\/wp-json\/wp\/v2\/pages"}],"about":[{"href":"https:\/\/bnbbythebeach.com\/fr\/wp-json\/wp\/v2\/types\/page"}],"author":[{"embeddable":true,"href":"https:\/\/bnbbythebeach.com\/fr\/wp-json\/wp\/v2\/users\/1"}],"replies":[{"embeddable":true,"href":"https:\/\/bnbbythebeach.com\/fr\/wp-json\/wp\/v2\/comments?post=4629"}],"version-history":[{"count":1,"href":"https:\/\/bnbbythebeach.com\/fr\/wp-json\/wp\/v2\/pages\/4629\/revisions"}],"predecessor-version":[{"id":7678,"href":"https:\/\/bnbbythebeach.com\/fr\/wp-json\/wp\/v2\/pages\/4629\/revisions\/7678"}],"up":[{"embeddable":true,"href":"https:\/\/bnbbythebeach.com\/fr\/wp-json\/wp\/v2\/pages\/4623"}],"wp:attachment":[{"href":"https:\/\/bnbbythebeach.com\/fr\/wp-json\/wp\/v2\/media?parent=4629"}],"curies":[{"name":"wp","href":"https:\/\/api.w.org\/{rel}","templated":true}]}}