{"id":4661,"date":"2020-07-15T12:59:06","date_gmt":"2020-07-15T18:59:06","guid":{"rendered":"https:\/\/bnbbythebeach.com\/?page_id=4661"},"modified":"2024-08-06T15:24:14","modified_gmt":"2024-08-06T21:24:14","slug":"politique-generale-dannulation","status":"publish","type":"page","link":"https:\/\/bnbbythebeach.com\/fr\/jardin-de-los-monos-chambre-dhotes-costa-rica\/politique-generale-dannulation\/","title":{"rendered":"Politique g\u00e9n\u00e9rale et d&rsquo;annulation"},"content":{"rendered":"<p>[et_pb_section fb_built=\u00a0\u00bb1&Prime; fullwidth=\u00a0\u00bbon\u00a0\u00bb _builder_version=\u00a0\u00bb4.16&Prime; global_colors_info=\u00a0\u00bb{}\u00a0\u00bb][et_pb_fullwidth_slider show_arrows=\u00a0\u00bboff\u00a0\u00bb show_pagination=\u00a0\u00bboff\u00a0\u00bb _builder_version=\u00a0\u00bb4.16&Prime; header_level=\u00a0\u00bbh1&Prime; header_font=\u00a0\u00bb||||||||\u00a0\u00bb body_font_size=\u00a0\u00bb20&Prime; background_image=\u00a0\u00bbhttps:\/\/bnbbythebeach.com\/jdlm\/wp-content\/uploads\/2018\/11\/hero-sol.jpg\u00a0\u00bb text_orientation=\u00a0\u00bbleft\u00a0\u00bb custom_padding=\u00a0\u00bb20%|40%|5%|0%\u00a0\u00bb custom_padding_tablet=\u00a0\u00bb20%|25%|5%|0%\u00a0\u00bb custom_padding_phone=\u00a0\u00bb0%|0%|5%|0%\u00a0\u00bb custom_padding_last_edited=\u00a0\u00bbon|desktop\u00a0\u00bb header_font_size_tablet=\u00a0\u00bb\u00a0\u00bb header_font_size_phone=\u00a0\u00bb34px\u00a0\u00bb header_font_size_last_edited=\u00a0\u00bbon|phone\u00a0\u00bb global_colors_info=\u00a0\u00bb{}\u00a0\u00bb button_text_size__hover_enabled=\u00a0\u00bboff\u00a0\u00bb button_text_size__hover=\u00a0\u00bbnull\u00a0\u00bb button_one_text_size__hover_enabled=\u00a0\u00bboff\u00a0\u00bb button_one_text_size__hover=\u00a0\u00bbnull\u00a0\u00bb button_two_text_size__hover_enabled=\u00a0\u00bboff\u00a0\u00bb button_two_text_size__hover=\u00a0\u00bbnull\u00a0\u00bb button_text_color__hover_enabled=\u00a0\u00bboff\u00a0\u00bb button_text_color__hover=\u00a0\u00bbnull\u00a0\u00bb button_one_text_color__hover_enabled=\u00a0\u00bboff\u00a0\u00bb button_one_text_color__hover=\u00a0\u00bbnull\u00a0\u00bb button_two_text_color__hover_enabled=\u00a0\u00bboff\u00a0\u00bb button_two_text_color__hover=\u00a0\u00bbnull\u00a0\u00bb button_border_width__hover_enabled=\u00a0\u00bboff\u00a0\u00bb button_border_width__hover=\u00a0\u00bbnull\u00a0\u00bb button_one_border_width__hover_enabled=\u00a0\u00bboff\u00a0\u00bb button_one_border_width__hover=\u00a0\u00bbnull\u00a0\u00bb button_two_border_width__hover_enabled=\u00a0\u00bboff\u00a0\u00bb button_two_border_width__hover=\u00a0\u00bbnull\u00a0\u00bb button_border_color__hover_enabled=\u00a0\u00bboff\u00a0\u00bb button_border_color__hover=\u00a0\u00bbnull\u00a0\u00bb button_one_border_color__hover_enabled=\u00a0\u00bboff\u00a0\u00bb button_one_border_color__hover=\u00a0\u00bbnull\u00a0\u00bb button_two_border_color__hover_enabled=\u00a0\u00bboff\u00a0\u00bb button_two_border_color__hover=\u00a0\u00bbnull\u00a0\u00bb button_border_radius__hover_enabled=\u00a0\u00bboff\u00a0\u00bb button_border_radius__hover=\u00a0\u00bbnull\u00a0\u00bb button_one_border_radius__hover_enabled=\u00a0\u00bboff\u00a0\u00bb button_one_border_radius__hover=\u00a0\u00bbnull\u00a0\u00bb button_two_border_radius__hover_enabled=\u00a0\u00bboff\u00a0\u00bb button_two_border_radius__hover=\u00a0\u00bbnull\u00a0\u00bb button_letter_spacing__hover_enabled=\u00a0\u00bboff\u00a0\u00bb button_letter_spacing__hover=\u00a0\u00bbnull\u00a0\u00bb button_one_letter_spacing__hover_enabled=\u00a0\u00bboff\u00a0\u00bb button_one_letter_spacing__hover=\u00a0\u00bbnull\u00a0\u00bb button_two_letter_spacing__hover_enabled=\u00a0\u00bboff\u00a0\u00bb button_two_letter_spacing__hover=\u00a0\u00bbnull\u00a0\u00bb button_bg_color__hover_enabled=\u00a0\u00bboff\u00a0\u00bb button_bg_color__hover=\u00a0\u00bbnull\u00a0\u00bb button_one_bg_color__hover_enabled=\u00a0\u00bboff\u00a0\u00bb button_one_bg_color__hover=\u00a0\u00bbnull\u00a0\u00bb button_two_bg_color__hover_enabled=\u00a0\u00bboff\u00a0\u00bb button_two_bg_color__hover=\u00a0\u00bbnull\u00a0\u00bb][et_pb_slide heading=\u00a0\u00bbPolitique g\u00e9n\u00e9rale et d&rsquo;annulation\u00a0\u00bb button_link=\u00a0\u00bbhttps:\/\/bnbbythebeach.com\/fr\/jardin-de-los-monos-chambre-dhotes-costa-rica\/\u00a0\u00bb use_bg_overlay=\u00a0\u00bboff\u00a0\u00bb use_text_overlay=\u00a0\u00bbon\u00a0\u00bb text_overlay_color=\u00a0\u00bbrgba(35,31,32,0.7)\u00a0\u00bb _builder_version=\u00a0\u00bb4.16&Prime; background_color=\u00a0\u00bb#ffffff\u00a0\u00bb button_on_hover=\u00a0\u00bbon\u00a0\u00bb custom_padding_tablet=\u00a0\u00bb||30px|\u00a0\u00bb custom_padding_phone=\u00a0\u00bb||30px|\u00a0\u00bb text_shadow_style=\u00a0\u00bbpreset4&Prime; global_colors_info=\u00a0\u00bb{}\u00a0\u00bb button_text_size__hover_enabled=\u00a0\u00bboff\u00a0\u00bb button_one_text_size__hover_enabled=\u00a0\u00bboff\u00a0\u00bb button_two_text_size__hover_enabled=\u00a0\u00bboff\u00a0\u00bb button_text_color__hover_enabled=\u00a0\u00bboff\u00a0\u00bb button_one_text_color__hover_enabled=\u00a0\u00bboff\u00a0\u00bb button_two_text_color__hover_enabled=\u00a0\u00bboff\u00a0\u00bb button_border_width__hover_enabled=\u00a0\u00bboff\u00a0\u00bb button_one_border_width__hover_enabled=\u00a0\u00bboff\u00a0\u00bb button_two_border_width__hover_enabled=\u00a0\u00bboff\u00a0\u00bb button_border_color__hover_enabled=\u00a0\u00bboff\u00a0\u00bb button_one_border_color__hover_enabled=\u00a0\u00bboff\u00a0\u00bb button_two_border_color__hover_enabled=\u00a0\u00bboff\u00a0\u00bb button_border_radius__hover_enabled=\u00a0\u00bboff\u00a0\u00bb button_one_border_radius__hover_enabled=\u00a0\u00bboff\u00a0\u00bb button_two_border_radius__hover_enabled=\u00a0\u00bboff\u00a0\u00bb button_letter_spacing__hover_enabled=\u00a0\u00bboff\u00a0\u00bb button_one_letter_spacing__hover_enabled=\u00a0\u00bboff\u00a0\u00bb button_two_letter_spacing__hover_enabled=\u00a0\u00bboff\u00a0\u00bb button_bg_color__hover_enabled=\u00a0\u00bboff\u00a0\u00bb button_one_bg_color__hover_enabled=\u00a0\u00bboff\u00a0\u00bb button_two_bg_color__hover_enabled=\u00a0\u00bboff\u00a0\u00bb sticky_transition=\u00a0\u00bbon\u00a0\u00bb]Chambre d&rsquo;h\u00f4tes Jard\u00edn de los Monos[\/et_pb_slide][\/et_pb_fullwidth_slider][\/et_pb_section][et_pb_section fb_built=\u00a0\u00bb1&Prime; _builder_version=\u00a0\u00bb4.16&Prime; global_colors_info=\u00a0\u00bb{}\u00a0\u00bb][et_pb_row _builder_version=\u00a0\u00bb4.16&Prime; background_size=\u00a0\u00bbinitial\u00a0\u00bb background_position=\u00a0\u00bbtop_left\u00a0\u00bb background_repeat=\u00a0\u00bbrepeat\u00a0\u00bb custom_padding=\u00a0\u00bb11px|0px|27px|0px\u00a0\u00bb global_colors_info=\u00a0\u00bb{}\u00a0\u00bb][et_pb_column type=\u00a0\u00bb4_4&Prime; _builder_version=\u00a0\u00bb4.16&Prime; custom_padding=\u00a0\u00bb|||\u00a0\u00bb global_colors_info=\u00a0\u00bb{}\u00a0\u00bb custom_padding__hover=\u00a0\u00bb|||\u00a0\u00bb][et_pb_text _builder_version=\u00a0\u00bb4.16&Prime; text_orientation=\u00a0\u00bbcenter\u00a0\u00bb max_width=\u00a0\u00bb80%\u00a0\u00bb max_width_tablet=\u00a0\u00bb\u00a0\u00bb max_width_phone=\u00a0\u00bb100%\u00a0\u00bb max_width_last_edited=\u00a0\u00bbon|phone\u00a0\u00bb module_alignment=\u00a0\u00bbcenter\u00a0\u00bb custom_margin=\u00a0\u00bb||10px|\u00a0\u00bb global_colors_info=\u00a0\u00bb{}\u00a0\u00bb]<\/p>\n<h2 style=\"text-align: left;\">Politique g\u00e9n\u00e9rale<\/h2>\n<p>[\/et_pb_text][et_pb_divider show_divider=\u00a0\u00bboff\u00a0\u00bb _builder_version=\u00a0\u00bb4.16&Prime; max_width=\u00a0\u00bb8%\u00a0\u00bb module_alignment=\u00a0\u00bbcenter\u00a0\u00bb height=\u00a0\u00bb4px\u00a0\u00bb custom_margin=\u00a0\u00bb18px|||\u00a0\u00bb custom_padding=\u00a0\u00bb|||\u00a0\u00bb filter_brightness=\u00a0\u00bb96%\u00a0\u00bb global_colors_info=\u00a0\u00bb{}\u00a0\u00bb][\/et_pb_divider][et_pb_text _builder_version=\u00a0\u00bb4.19.4&Prime; text_font_size=\u00a0\u00bb16px\u00a0\u00bb header_font=\u00a0\u00bb||||||||\u00a0\u00bb header_2_font=\u00a0\u00bb||||||||\u00a0\u00bb text_orientation=\u00a0\u00bbcenter\u00a0\u00bb max_width=\u00a0\u00bb80%\u00a0\u00bb max_width_tablet=\u00a0\u00bb\u00a0\u00bb max_width_phone=\u00a0\u00bb100%\u00a0\u00bb max_width_last_edited=\u00a0\u00bbon|phone\u00a0\u00bb module_alignment=\u00a0\u00bbcenter\u00a0\u00bb custom_padding=\u00a0\u00bb||0px|||\u00a0\u00bb global_colors_info=\u00a0\u00bb{}\u00a0\u00bb]<\/p>\n<ul>\n<li style=\"text-align: left;\"><strong>L&rsquo;enregistrement s&rsquo;effectue entre 14h00 et 18h00.<\/strong> Tu ne peux pas arriver \u00e0 temps? Nous proposons une option \u00abself check-in\u00bb en cas d&rsquo;arriv\u00e9e entre 18h00 et 21h00. <strong>Mais cela n&rsquo;est possible que si vous nous contactez avant!<\/strong> L&rsquo;enregistrement apr\u00e8s 21h00 n&rsquo;est pas possible.<\/li>\n<li style=\"text-align: left;\">Pas de b\u00e9b\u00e9s et de jeunes enfants\u00a0; Afin d&rsquo;offrir \u00e0 nos clients une ambiance tranquille et relaxante, nous n&rsquo;acceptons que les <strong>enfants de 15 ans et plus.<\/strong> Nous souhaitons conseiller \u00e0 tous ceux qui voyagent au Costa Rica avec des b\u00e9b\u00e9s et de jeunes enfants de les ajouter lors d&rsquo;une r\u00e9servation sur des plateformes telles que Booking.com, AirBnB, Expedia, Hotels.com, etc. Ne pas le faire peut entra\u00eener une g\u00eane inutile et une perte financi\u00e8re, car de nombreux h\u00f4tels et chambres d&rsquo;h\u00f4tes au Costa Rica ont des restrictions d&rsquo;\u00e2ge et votre r\u00e9servation n&rsquo;est confirm\u00e9e que pour l&rsquo;occupation (adultes, enfants, b\u00e9b\u00e9s) que vous avez r\u00e9serv\u00e9e. En ajoutant correctement vos b\u00e9b\u00e9s et enfants sur ces plateformes, vous verrez que vous ne pouvez pas r\u00e9server les h\u00f4tels et B&amp;B avec des restrictions d&rsquo;\u00e2ge qui ne correspondent pas \u00e0 votre groupe (comme notre B&amp;B).<\/li>\n<li style=\"text-align: left;\"><strong>Maximum 2 personnes dans une chambre<\/strong> (quel que soit l&rsquo;\u00e2ge).<\/li>\n<li style=\"text-align: left;\">Les heures calmes se situent entre 21h et 7h.<\/li>\n<li style=\"text-align: left;\">Les animaux ne sont pas autoris\u00e9s, mais vous pouvez \u00abemprunter\u00bb notre chien adorable et 2 chats ;-).<\/li>\n<li style=\"text-align: left;\">Paiement \u00e0 l&rsquo;h\u00f4tel en esp\u00e8ces ou par carte de cr\u00e9dit (Visa, Mastercard, American Express, Discover, Diners Club, JCB).<\/li>\n<li style=\"text-align: left;\">Check-out avant 11 h.<\/li>\n<li style=\"text-align: left;\"><strong>Playa Matapalo n\u2019est pas accessible par les transports publics<\/strong>. L\u2019arr\u00eat de bus se trouve \u00e0 une longue distance \u00e0 pied et peut \u00eatre p\u00e9nible avec le climat que nous avons ici. Playa Matapalo n\u2019a pas de distributeurs automatiques de billets ni de taxis. Veuillez consulter notre page de <a href=\"https:\/\/bnbbythebeach.com\/fr\/playa-matapalo-costa-rica\/location-voitures\/\" target=\"_blank\" rel=\"noopener\">location de voiture<\/a> au cas o\u00f9 vous seriez encore \u00e0 la recherche d\u2019une voiture de location.<\/li>\n<\/ul>\n<p>[\/et_pb_text][\/et_pb_column][\/et_pb_row][et_pb_row _builder_version=\u00a0\u00bb4.16&Prime; background_size=\u00a0\u00bbinitial\u00a0\u00bb background_position=\u00a0\u00bbtop_left\u00a0\u00bb background_repeat=\u00a0\u00bbrepeat\u00a0\u00bb custom_padding=\u00a0\u00bb11px|0px|27px|0px\u00a0\u00bb global_colors_info=\u00a0\u00bb{}\u00a0\u00bb][et_pb_column type=\u00a0\u00bb4_4&Prime; _builder_version=\u00a0\u00bb4.16&Prime; custom_padding=\u00a0\u00bb|||\u00a0\u00bb global_colors_info=\u00a0\u00bb{}\u00a0\u00bb custom_padding__hover=\u00a0\u00bb|||\u00a0\u00bb][et_pb_text _builder_version=\u00a0\u00bb4.23.1&Prime; text_orientation=\u00a0\u00bbcenter\u00a0\u00bb max_width=\u00a0\u00bb80%\u00a0\u00bb max_width_tablet=\u00a0\u00bb\u00a0\u00bb max_width_phone=\u00a0\u00bb100%\u00a0\u00bb max_width_last_edited=\u00a0\u00bbon|phone\u00a0\u00bb module_alignment=\u00a0\u00bbcenter\u00a0\u00bb custom_margin=\u00a0\u00bb||10px|\u00a0\u00bb global_colors_info=\u00a0\u00bb{}\u00a0\u00bb]<\/p>\n<h2 style=\"text-align: left;\">Politique standard d\u2019annulation et de pr\u00e9paiement<\/h2>\n<p>[\/et_pb_text][et_pb_divider show_divider=\u00a0\u00bboff\u00a0\u00bb _builder_version=\u00a0\u00bb4.16&Prime; max_width=\u00a0\u00bb8%\u00a0\u00bb module_alignment=\u00a0\u00bbcenter\u00a0\u00bb height=\u00a0\u00bb4px\u00a0\u00bb custom_margin=\u00a0\u00bb18px|||\u00a0\u00bb custom_padding=\u00a0\u00bb|||\u00a0\u00bb filter_brightness=\u00a0\u00bb96%\u00a0\u00bb global_colors_info=\u00a0\u00bb{}\u00a0\u00bb][\/et_pb_divider][et_pb_text _builder_version=\u00a0\u00bb4.26.0&Prime; text_font_size=\u00a0\u00bb16px\u00a0\u00bb header_font=\u00a0\u00bb||||||||\u00a0\u00bb header_2_font=\u00a0\u00bb||||||||\u00a0\u00bb text_orientation=\u00a0\u00bbcenter\u00a0\u00bb max_width=\u00a0\u00bb80%\u00a0\u00bb max_width_tablet=\u00a0\u00bb\u00a0\u00bb max_width_phone=\u00a0\u00bb100%\u00a0\u00bb max_width_last_edited=\u00a0\u00bbon|phone\u00a0\u00bb module_alignment=\u00a0\u00bbcenter\u00a0\u00bb hover_enabled=\u00a0\u00bb0&Prime; global_colors_info=\u00a0\u00bb{}\u00a0\u00bb sticky_enabled=\u00a0\u00bb0&Prime;]<\/p>\n<h3 style=\"text-align: left;\">Pour les s\u00e9jours jusqu&rsquo;\u00e0 10 nuits , jusqu&rsquo;\u00e0 3 chambres :<\/h3>\n<p style=\"text-align: left;\"><strong>Haute saison: 1 novembre au 30 avril<\/strong><\/p>\n<ul style=\"text-align: left;\">\n<li>Le client peut annuler sans frais jusqu&rsquo;\u00e0 30 jours avant l&rsquo;arriv\u00e9e. 50% sera factur\u00e9 en cas d&rsquo;annulation\/modification dans les 30 jours de l&rsquo;arriv\u00e9e. 100% sera factur\u00e9 en cas de non pr\u00e9sentation ou lors de modifications pendant le s\u00e9jour.<\/li>\n<li>Aucun pr\u00e9paiement jusqu&rsquo;\u00e0 30 jours avant l&rsquo;arriv\u00e9e, mais dans les 30 jours avant l&rsquo;arriv\u00e9e, nous pouvons facturer 50 % de la valeur de la r\u00e9servation.<\/li>\n<li>Ces conditions peuvent ne pas s&rsquo;appliquer aux tarifs promotionnels. Les diff\u00e9rentes conditions \u00e9ventuelles seront mentionn\u00e9es avec le tarif.<\/li>\n<\/ul>\n<p style=\"text-align: left;\"><strong>Basse saison: 1er mai au 31 octobre<\/strong><\/p>\n<ul style=\"text-align: left;\">\n<li>Le client peut annuler sans frais jusqu&rsquo;\u00e0 3 jours avant l&rsquo;arriv\u00e9e. Le prix total sera factur\u00e9 en cas d&rsquo;annulation dans les 3 jours de l&rsquo;arriv\u00e9e et en cas de non pr\u00e9sentation ou lors de modifications pendant le s\u00e9jour.<\/li>\n<li>Aucun pr\u00e9paiement n&rsquo;est requis.<\/li>\n<li>Ces conditions peuvent ne pas s&rsquo;appliquer aux tarifs promotionnels. Les diff\u00e9rentes conditions \u00e9ventuelles seront mentionn\u00e9es avec le tarif.<\/li>\n<\/ul>\n<h3 style=\"text-align: left;\">Pour les s\u00e9jours de plus de 10 nuits , jusqu&rsquo;\u00e0 3 chambres :<\/h3>\n<p style=\"text-align: left;\"><strong>Valable toute l&rsquo;ann\u00e9e<\/strong><\/p>\n<ul style=\"text-align: left;\">\n<li>Un pr\u00e9paiement de 50 % (non remboursable) est requis pour confirmer la r\u00e9servation. 100% seront factur\u00e9s en cas de non pr\u00e9sentation ou lors de modifications pendant le s\u00e9jour.<\/li>\n<\/ul>\n<h3 style=\"text-align: left;\">Toutes r\u00e9servations de 4 chambres ou plus :<\/h3>\n<p style=\"text-align: left;\"><strong>Valable toute l&rsquo;ann\u00e9e<\/strong><\/p>\n<ul style=\"text-align: left;\">\n<li>Le client peut annuler sans frais jusqu&rsquo;\u00e0 60 jours avant l&rsquo;arriv\u00e9e. Un pr\u00e9paiement de 100 % (non remboursable) sera factur\u00e9 une fois la p\u00e9riode d&rsquo;annulation gratuite pass\u00e9e.<\/li>\n<\/ul>\n<p>[\/et_pb_text][\/et_pb_column][\/et_pb_row][\/et_pb_section]<\/p>\n","protected":false},"excerpt":{"rendered":"<p>Chambre d&rsquo;h\u00f4tes Jard\u00edn de los MonosPolitique g\u00e9n\u00e9rale L&rsquo;enregistrement s&rsquo;effectue entre 14h00 et 18h00. Tu ne peux pas arriver \u00e0 temps? Nous proposons une option \u00abself check-in\u00bb en cas d&rsquo;arriv\u00e9e entre 18h00 et 21h00. Mais cela n&rsquo;est possible que si vous nous contactez avant! L&rsquo;enregistrement apr\u00e8s 21h00 n&rsquo;est pas possible. Pas de b\u00e9b\u00e9s et de jeunes [&hellip;]<\/p>\n","protected":false},"author":1,"featured_media":0,"parent":4614,"menu_order":15,"comment_status":"closed","ping_status":"closed","template":"","meta":{"_et_pb_use_builder":"on","_et_pb_old_content":"","_et_gb_content_width":"","footnotes":""},"class_list":["post-4661","page","type-page","status-publish","hentry"],"yoast_head":"<!-- This site is optimized with the Yoast SEO plugin v27.4 - https:\/\/yoast.com\/product\/yoast-seo-wordpress\/ -->\n<title>Politique g\u00e9n\u00e9rale et d&#039;annulation - Costa Rica Bed and Breakfast | B&amp;B Jard\u00edn de los Monos, Playa Matapalo<\/title>\n<meta name=\"description\" content=\"La politique g\u00e9n\u00e9rale et la politique d&#039;annulation de B&amp;B Jardin de los Monos, Playa Matapalo, Costa Rica\" \/>\n<meta name=\"robots\" content=\"index, follow, max-snippet:-1, max-image-preview:large, max-video-preview:-1\" \/>\n<link rel=\"canonical\" href=\"https:\/\/bnbbythebeach.com\/fr\/jardin-de-los-monos-chambre-dhotes-costa-rica\/politique-generale-dannulation\/\" \/>\n<meta property=\"og:locale\" content=\"fr_FR\" \/>\n<meta property=\"og:type\" content=\"article\" \/>\n<meta property=\"og:title\" content=\"Politique g\u00e9n\u00e9rale et d&#039;annulation - Costa Rica Bed and Breakfast | B&amp;B Jard\u00edn de los Monos, Playa Matapalo\" \/>\n<meta property=\"og:description\" content=\"La politique g\u00e9n\u00e9rale et la politique d&#039;annulation de B&amp;B Jardin de los Monos, Playa Matapalo, Costa Rica\" \/>\n<meta property=\"og:url\" content=\"https:\/\/bnbbythebeach.com\/fr\/jardin-de-los-monos-chambre-dhotes-costa-rica\/politique-generale-dannulation\/\" \/>\n<meta property=\"og:site_name\" content=\"Costa Rica Bed and Breakfast | B&amp;B Jard\u00edn de los Monos, Playa Matapalo\" \/>\n<meta property=\"article:publisher\" content=\"https:\/\/www.facebook.com\/BnBbytheBeach\/\" \/>\n<meta property=\"article:modified_time\" content=\"2024-08-06T21:24:14+00:00\" \/>\n<meta name=\"twitter:card\" content=\"summary_large_image\" \/>\n<meta name=\"twitter:site\" content=\"@JardinMonos\" \/>\n<meta name=\"twitter:label1\" content=\"Dur\u00e9e de lecture estim\u00e9e\" \/>\n\t<meta name=\"twitter:data1\" content=\"7 minutes\" \/>\n<script type=\"application\/ld+json\" class=\"yoast-schema-graph\">{\"@context\":\"https:\\\/\\\/schema.org\",\"@graph\":[{\"@type\":\"WebPage\",\"@id\":\"https:\\\/\\\/bnbbythebeach.com\\\/fr\\\/jardin-de-los-monos-chambre-dhotes-costa-rica\\\/politique-generale-dannulation\\\/\",\"url\":\"https:\\\/\\\/bnbbythebeach.com\\\/fr\\\/jardin-de-los-monos-chambre-dhotes-costa-rica\\\/politique-generale-dannulation\\\/\",\"name\":\"Politique g\u00e9n\u00e9rale et d'annulation - Costa Rica Bed and Breakfast | B&amp;B Jard\u00edn de los Monos, Playa Matapalo\",\"isPartOf\":{\"@id\":\"https:\\\/\\\/bnbbythebeach.com\\\/fr\\\/#website\"},\"datePublished\":\"2020-07-15T18:59:06+00:00\",\"dateModified\":\"2024-08-06T21:24:14+00:00\",\"description\":\"La politique g\u00e9n\u00e9rale et la politique d'annulation de B&B Jardin de los Monos, Playa Matapalo, Costa Rica\",\"breadcrumb\":{\"@id\":\"https:\\\/\\\/bnbbythebeach.com\\\/fr\\\/jardin-de-los-monos-chambre-dhotes-costa-rica\\\/politique-generale-dannulation\\\/#breadcrumb\"},\"inLanguage\":\"fr-FR\",\"potentialAction\":[{\"@type\":\"ReadAction\",\"target\":[\"https:\\\/\\\/bnbbythebeach.com\\\/fr\\\/jardin-de-los-monos-chambre-dhotes-costa-rica\\\/politique-generale-dannulation\\\/\"]}]},{\"@type\":\"BreadcrumbList\",\"@id\":\"https:\\\/\\\/bnbbythebeach.com\\\/fr\\\/jardin-de-los-monos-chambre-dhotes-costa-rica\\\/politique-generale-dannulation\\\/#breadcrumb\",\"itemListElement\":[{\"@type\":\"ListItem\",\"position\":1,\"name\":\"Home\",\"item\":\"https:\\\/\\\/bnbbythebeach.com\\\/fr\\\/\"},{\"@type\":\"ListItem\",\"position\":2,\"name\":\"\u00c0 propos de B&#038;B Jard\u00ed\u00adn de los Monos, Playa Matapalo | Chambre d&#8217;h\u00f4tes \u00e0 Costa Rica\",\"item\":\"https:\\\/\\\/bnbbythebeach.com\\\/fr\\\/jardin-de-los-monos-bed-and-breakfast-costa-rica\\\/\"},{\"@type\":\"ListItem\",\"position\":3,\"name\":\"Politique g\u00e9n\u00e9rale et d&#8217;annulation\"}]},{\"@type\":\"WebSite\",\"@id\":\"https:\\\/\\\/bnbbythebeach.com\\\/fr\\\/#website\",\"url\":\"https:\\\/\\\/bnbbythebeach.com\\\/fr\\\/\",\"name\":\"Costa Rica Bed and Breakfast | B&amp;B Jard\u00edn de los Monos, Playa Matapalo\",\"description\":\"Recharge in serene nature at an unspoiled beach\",\"publisher\":{\"@id\":\"https:\\\/\\\/bnbbythebeach.com\\\/fr\\\/#organization\"},\"potentialAction\":[{\"@type\":\"SearchAction\",\"target\":{\"@type\":\"EntryPoint\",\"urlTemplate\":\"https:\\\/\\\/bnbbythebeach.com\\\/fr\\\/?s={search_term_string}\"},\"query-input\":{\"@type\":\"PropertyValueSpecification\",\"valueRequired\":true,\"valueName\":\"search_term_string\"}}],\"inLanguage\":\"fr-FR\"},{\"@type\":\"Organization\",\"@id\":\"https:\\\/\\\/bnbbythebeach.com\\\/fr\\\/#organization\",\"name\":\"B&B Jard\u00edn de los Monos\",\"url\":\"https:\\\/\\\/bnbbythebeach.com\\\/fr\\\/\",\"logo\":{\"@type\":\"ImageObject\",\"inLanguage\":\"fr-FR\",\"@id\":\"https:\\\/\\\/bnbbythebeach.com\\\/fr\\\/#\\\/schema\\\/logo\\\/image\\\/\",\"url\":\"https:\\\/\\\/bnbbythebeach.com\\\/jdlm\\\/wp-content\\\/uploads\\\/2018\\\/04\\\/JdlM.png\",\"contentUrl\":\"https:\\\/\\\/bnbbythebeach.com\\\/jdlm\\\/wp-content\\\/uploads\\\/2018\\\/04\\\/JdlM.png\",\"width\":581,\"height\":548,\"caption\":\"B&B Jard\u00edn de los Monos\"},\"image\":{\"@id\":\"https:\\\/\\\/bnbbythebeach.com\\\/fr\\\/#\\\/schema\\\/logo\\\/image\\\/\"},\"sameAs\":[\"https:\\\/\\\/www.facebook.com\\\/BnBbytheBeach\\\/\",\"https:\\\/\\\/x.com\\\/JardinMonos\",\"https:\\\/\\\/www.instagram.com\\\/jardindelosmonos\",\"https:\\\/\\\/www.youtube.com\\\/channel\\\/UCceXfHklvm7JkKrtpow0ryA\"]}]}<\/script>\n<!-- \/ Yoast SEO plugin. -->","yoast_head_json":{"title":"Politique g\u00e9n\u00e9rale et d'annulation - Costa Rica Bed and Breakfast | B&amp;B Jard\u00edn de los Monos, Playa Matapalo","description":"La politique g\u00e9n\u00e9rale et la politique d'annulation de B&B Jardin de los Monos, Playa Matapalo, Costa Rica","robots":{"index":"index","follow":"follow","max-snippet":"max-snippet:-1","max-image-preview":"max-image-preview:large","max-video-preview":"max-video-preview:-1"},"canonical":"https:\/\/bnbbythebeach.com\/fr\/jardin-de-los-monos-chambre-dhotes-costa-rica\/politique-generale-dannulation\/","og_locale":"fr_FR","og_type":"article","og_title":"Politique g\u00e9n\u00e9rale et d'annulation - Costa Rica Bed and Breakfast | B&amp;B Jard\u00edn de los Monos, Playa Matapalo","og_description":"La politique g\u00e9n\u00e9rale et la politique d'annulation de B&B Jardin de los Monos, Playa Matapalo, Costa Rica","og_url":"https:\/\/bnbbythebeach.com\/fr\/jardin-de-los-monos-chambre-dhotes-costa-rica\/politique-generale-dannulation\/","og_site_name":"Costa Rica Bed and Breakfast | B&amp;B Jard\u00edn de los Monos, Playa Matapalo","article_publisher":"https:\/\/www.facebook.com\/BnBbytheBeach\/","article_modified_time":"2024-08-06T21:24:14+00:00","twitter_card":"summary_large_image","twitter_site":"@JardinMonos","twitter_misc":{"Dur\u00e9e de lecture estim\u00e9e":"7 minutes"},"schema":{"@context":"https:\/\/schema.org","@graph":[{"@type":"WebPage","@id":"https:\/\/bnbbythebeach.com\/fr\/jardin-de-los-monos-chambre-dhotes-costa-rica\/politique-generale-dannulation\/","url":"https:\/\/bnbbythebeach.com\/fr\/jardin-de-los-monos-chambre-dhotes-costa-rica\/politique-generale-dannulation\/","name":"Politique g\u00e9n\u00e9rale et d'annulation - Costa Rica Bed and Breakfast | B&amp;B Jard\u00edn de los Monos, Playa Matapalo","isPartOf":{"@id":"https:\/\/bnbbythebeach.com\/fr\/#website"},"datePublished":"2020-07-15T18:59:06+00:00","dateModified":"2024-08-06T21:24:14+00:00","description":"La politique g\u00e9n\u00e9rale et la politique d'annulation de B&B Jardin de los Monos, Playa Matapalo, Costa Rica","breadcrumb":{"@id":"https:\/\/bnbbythebeach.com\/fr\/jardin-de-los-monos-chambre-dhotes-costa-rica\/politique-generale-dannulation\/#breadcrumb"},"inLanguage":"fr-FR","potentialAction":[{"@type":"ReadAction","target":["https:\/\/bnbbythebeach.com\/fr\/jardin-de-los-monos-chambre-dhotes-costa-rica\/politique-generale-dannulation\/"]}]},{"@type":"BreadcrumbList","@id":"https:\/\/bnbbythebeach.com\/fr\/jardin-de-los-monos-chambre-dhotes-costa-rica\/politique-generale-dannulation\/#breadcrumb","itemListElement":[{"@type":"ListItem","position":1,"name":"Home","item":"https:\/\/bnbbythebeach.com\/fr\/"},{"@type":"ListItem","position":2,"name":"\u00c0 propos de B&#038;B Jard\u00ed\u00adn de los Monos, Playa Matapalo | Chambre d&#8217;h\u00f4tes \u00e0 Costa Rica","item":"https:\/\/bnbbythebeach.com\/fr\/jardin-de-los-monos-bed-and-breakfast-costa-rica\/"},{"@type":"ListItem","position":3,"name":"Politique g\u00e9n\u00e9rale et d&#8217;annulation"}]},{"@type":"WebSite","@id":"https:\/\/bnbbythebeach.com\/fr\/#website","url":"https:\/\/bnbbythebeach.com\/fr\/","name":"Costa Rica Bed and Breakfast | B&amp;B Jard\u00edn de los Monos, Playa Matapalo","description":"Recharge in serene nature at an unspoiled beach","publisher":{"@id":"https:\/\/bnbbythebeach.com\/fr\/#organization"},"potentialAction":[{"@type":"SearchAction","target":{"@type":"EntryPoint","urlTemplate":"https:\/\/bnbbythebeach.com\/fr\/?s={search_term_string}"},"query-input":{"@type":"PropertyValueSpecification","valueRequired":true,"valueName":"search_term_string"}}],"inLanguage":"fr-FR"},{"@type":"Organization","@id":"https:\/\/bnbbythebeach.com\/fr\/#organization","name":"B&B Jard\u00edn de los Monos","url":"https:\/\/bnbbythebeach.com\/fr\/","logo":{"@type":"ImageObject","inLanguage":"fr-FR","@id":"https:\/\/bnbbythebeach.com\/fr\/#\/schema\/logo\/image\/","url":"https:\/\/bnbbythebeach.com\/jdlm\/wp-content\/uploads\/2018\/04\/JdlM.png","contentUrl":"https:\/\/bnbbythebeach.com\/jdlm\/wp-content\/uploads\/2018\/04\/JdlM.png","width":581,"height":548,"caption":"B&B Jard\u00edn de los Monos"},"image":{"@id":"https:\/\/bnbbythebeach.com\/fr\/#\/schema\/logo\/image\/"},"sameAs":["https:\/\/www.facebook.com\/BnBbytheBeach\/","https:\/\/x.com\/JardinMonos","https:\/\/www.instagram.com\/jardindelosmonos","https:\/\/www.youtube.com\/channel\/UCceXfHklvm7JkKrtpow0ryA"]}]}},"_links":{"self":[{"href":"https:\/\/bnbbythebeach.com\/fr\/wp-json\/wp\/v2\/pages\/4661","targetHints":{"allow":["GET"]}}],"collection":[{"href":"https:\/\/bnbbythebeach.com\/fr\/wp-json\/wp\/v2\/pages"}],"about":[{"href":"https:\/\/bnbbythebeach.com\/fr\/wp-json\/wp\/v2\/types\/page"}],"author":[{"embeddable":true,"href":"https:\/\/bnbbythebeach.com\/fr\/wp-json\/wp\/v2\/users\/1"}],"replies":[{"embeddable":true,"href":"https:\/\/bnbbythebeach.com\/fr\/wp-json\/wp\/v2\/comments?post=4661"}],"version-history":[{"count":4,"href":"https:\/\/bnbbythebeach.com\/fr\/wp-json\/wp\/v2\/pages\/4661\/revisions"}],"predecessor-version":[{"id":8529,"href":"https:\/\/bnbbythebeach.com\/fr\/wp-json\/wp\/v2\/pages\/4661\/revisions\/8529"}],"up":[{"embeddable":true,"href":"https:\/\/bnbbythebeach.com\/fr\/wp-json\/wp\/v2\/pages\/4614"}],"wp:attachment":[{"href":"https:\/\/bnbbythebeach.com\/fr\/wp-json\/wp\/v2\/media?parent=4661"}],"curies":[{"name":"wp","href":"https:\/\/api.w.org\/{rel}","templated":true}]}}